{"id":782,"date":"2025-10-07T09:03:09","date_gmt":"2025-10-07T09:03:09","guid":{"rendered":"https:\/\/floweskin.com\/product\/immunity-glow-eye-cream\/"},"modified":"2026-01-05T13:17:59","modified_gmt":"2026-01-05T11:17:59","slug":"immunity-glow-eye-cream","status":"publish","type":"product","link":"https:\/\/floweskin.com\/lv\/products\/immunity-glow-eye-cream\/","title":{"rendered":"Immunity glow acu kr\u0113ms"},"content":{"rendered":"<p>\u012apa\u0161i izstr\u0101d\u0101ta kop\u0161ana maigajai \u0101dai ap ac\u012bm, iedvesmojoties no Zieme\u013cu p\u013cavu bag\u0101t\u012bbas.<br \/>Sarkan\u0101 \u0101boli\u0146a, rasaskr\u0113sli\u0146a un rudzupu\u0137u zied\u016bdens ekstrakti veicina dabisko atjauno\u0161anos un pal\u012bdz pal\u0113nin\u0101t noveco\u0161an\u0101s paz\u012bmes. Kafijas pupi\u0146u un kofe\u012bna cilmes \u0161\u016bnu ekstrakti uzlabo mikrocirkul\u0101ciju, samazina tum\u0161os lokus un noguruma paz\u012bmes, k\u0101 ar\u012b nodro\u0161ina antioksidantu aizsardz\u012bbu pret apk\u0101rt\u0113j\u0101s vides kait\u012bgo ietekmi. Siner\u0123isks prebiotiku (inul\u012bna), probiotiku un laktobacilium komplekss pal\u012bdz uztur\u0113t l\u012bdzsvarotu \u0101das mikrobiomu &#8211; b\u016btisku komfortam un redzamam dz\u012bv\u012bgumam.  <\/p>\n<p>Dermatolo\u0123iski test\u0113ts. Nekomedog\u0113ns. Nesatur:<\/p>\n<p>\u2013 Parab\u0113nus<br \/>\u2013 Sulf\u0101tus<br \/>\u2013 Mikroplastmasas<br \/>\u2013 Sint\u0113tisk\u0101s smar\u017evielas<\/p>\n","protected":false},"excerpt":{"rendered":"<p><span style=\"font-weight: 400;\">Immunity Glow acu kr\u0113ms rad\u012bts, lai sp\u0113cin\u0101tu un harmoniz\u0113tu maigo \u0101du ap ac\u012bm. \u0160\u012bs jut\u012bg\u0101s zonas aizsardz\u012bba cie\u0161i saist\u012bta ar tavu iek\u0161\u0113jo l\u012bdzsvaru un \u0101das mikrobioma vesel\u012bbu &#8211; b\u016btisku ekosist\u0113mu, kas r\u016bp\u0113jas par \u0101das imunit\u0101ti un pie\u0161\u0137ir tai mirdzumu. T\u0101p\u0113c katra sast\u0101vda\u013ca ir r\u016bp\u012bgi izv\u0113l\u0113ta, lai stiprin\u0101tu \u0101das dabisko aizsardz\u012bbu, mazin\u0101tu jut\u012bgumu, atjaunotu aizsargbarjeru un nodro\u0161in\u0101tu dzi\u013cu mitrin\u0101\u0161anu, sniedzot \u0101dai dabisku mirdzumu.  <\/span><\/p>\n","protected":false},"featured_media":907,"template":"","meta":{"_acf_changed":false},"product_brand":[],"product_cat":[58],"product_tag":[],"class_list":{"0":"post-782","1":"product","2":"type-product","3":"status-publish","4":"has-post-thumbnail","6":"product_cat-meadow-serija","8":"first","9":"instock","10":"featured","11":"taxable","12":"shipping-taxable","13":"purchasable","14":"product-type-simple"},"acf":[],"yoast_head":"<!-- This site is optimized with the Yoast SEO plugin v27.2 - https:\/\/yoast.com\/product\/yoast-seo-wordpress\/ -->\n<title>Immunity glow acu kr\u0113ms - Floweskin<\/title>\n<meta name=\"robots\" content=\"index, follow, max-snippet:-1, max-image-preview:large, max-video-preview:-1\" \/>\n<link rel=\"canonical\" href=\"https:\/\/floweskin.com\/lv\/wp-json\/wp\/v2\/product\/782\" \/>\n<meta property=\"og:locale\" content=\"lv_LV\" \/>\n<meta property=\"og:type\" content=\"article\" \/>\n<meta property=\"og:title\" content=\"Immunity glow acu kr\u0113ms - Floweskin\" \/>\n<meta property=\"og:description\" content=\"Immunity Glow acu kr\u0113ms rad\u012bts, lai sp\u0113cin\u0101tu un harmoniz\u0113tu maigo \u0101du ap ac\u012bm. \u0160\u012bs jut\u012bg\u0101s zonas aizsardz\u012bba cie\u0161i saist\u012bta ar tavu iek\u0161\u0113jo l\u012bdzsvaru un \u0101das mikrobioma vesel\u012bbu - b\u016btisku ekosist\u0113mu, kas r\u016bp\u0113jas par \u0101das imunit\u0101ti un pie\u0161\u0137ir tai mirdzumu. T\u0101p\u0113c katra sast\u0101vda\u013ca ir r\u016bp\u012bgi izv\u0113l\u0113ta, lai stiprin\u0101tu \u0101das dabisko aizsardz\u012bbu, mazin\u0101tu jut\u012bgumu, atjaunotu aizsargbarjeru un nodro\u0161in\u0101tu dzi\u013cu mitrin\u0101\u0161anu, sniedzot \u0101dai dabisku mirdzumu.\" \/>\n<meta property=\"og:url\" content=\"https:\/\/floweskin.com\/lv\/products\/immunity-glow-eye-cream\/\" \/>\n<meta property=\"og:site_name\" content=\"Floweskin\" \/>\n<meta property=\"article:modified_time\" content=\"2026-01-05T11:17:59+00:00\" \/>\n<meta property=\"og:image\" content=\"https:\/\/floweskin.com\/wp-content\/uploads\/2025\/10\/1-1-scaled.webp\" \/>\n\t<meta property=\"og:image:width\" content=\"2048\" \/>\n\t<meta property=\"og:image:height\" content=\"2560\" \/>\n\t<meta property=\"og:image:type\" content=\"image\/webp\" \/>\n<meta name=\"twitter:card\" content=\"summary_large_image\" \/>\n<meta name=\"twitter:label1\" content=\"Est. reading time\" \/>\n\t<meta name=\"twitter:data1\" content=\"1 min\u016b\u0161u\" \/>\n<script type=\"application\/ld+json\" class=\"yoast-schema-graph\">{\"@context\":\"https:\/\/schema.org\",\"@graph\":[{\"@type\":\"WebPage\",\"@id\":\"https:\/\/floweskin.com\/lv\/products\/immunity-glow-eye-cream\/\",\"url\":\"https:\/\/floweskin.com\/lv\/products\/immunity-glow-eye-cream\/\",\"name\":\"Immunity glow acu kr\u0113ms - Floweskin\",\"isPartOf\":{\"@id\":\"https:\/\/floweskin.com\/lv\/#website\"},\"primaryImageOfPage\":{\"@id\":\"https:\/\/floweskin.com\/lv\/products\/immunity-glow-eye-cream\/#primaryimage\"},\"image\":{\"@id\":\"https:\/\/floweskin.com\/lv\/products\/immunity-glow-eye-cream\/#primaryimage\"},\"thumbnailUrl\":\"https:\/\/floweskin.com\/wp-content\/uploads\/2025\/10\/1-1-scaled.webp\",\"datePublished\":\"2025-10-07T09:03:09+00:00\",\"dateModified\":\"2026-01-05T11:17:59+00:00\",\"breadcrumb\":{\"@id\":\"https:\/\/floweskin.com\/lv\/products\/immunity-glow-eye-cream\/#breadcrumb\"},\"inLanguage\":\"lv-LV\",\"potentialAction\":[{\"@type\":\"ReadAction\",\"target\":[\"https:\/\/floweskin.com\/lv\/products\/immunity-glow-eye-cream\/\"]}]},{\"@type\":\"ImageObject\",\"inLanguage\":\"lv-LV\",\"@id\":\"https:\/\/floweskin.com\/lv\/products\/immunity-glow-eye-cream\/#primaryimage\",\"url\":\"https:\/\/floweskin.com\/wp-content\/uploads\/2025\/10\/1-1-scaled.webp\",\"contentUrl\":\"https:\/\/floweskin.com\/wp-content\/uploads\/2025\/10\/1-1-scaled.webp\",\"width\":2048,\"height\":2560},{\"@type\":\"BreadcrumbList\",\"@id\":\"https:\/\/floweskin.com\/lv\/products\/immunity-glow-eye-cream\/#breadcrumb\",\"itemListElement\":[{\"@type\":\"ListItem\",\"position\":1,\"name\":\"Home\",\"item\":\"https:\/\/floweskin.com\/lv\/sakumlapa\/\"},{\"@type\":\"ListItem\",\"position\":2,\"name\":\"Veikals\",\"item\":\"https:\/\/floweskin.com\/lv\/veikals\/\"},{\"@type\":\"ListItem\",\"position\":3,\"name\":\"Immunity glow acu kr\u0113ms\"}]},{\"@type\":\"WebSite\",\"@id\":\"https:\/\/floweskin.com\/lv\/#website\",\"url\":\"https:\/\/floweskin.com\/lv\/\",\"name\":\"Floweskin\",\"description\":\"\",\"publisher\":{\"@id\":\"https:\/\/floweskin.com\/lv\/#organization\"},\"potentialAction\":[{\"@type\":\"SearchAction\",\"target\":{\"@type\":\"EntryPoint\",\"urlTemplate\":\"https:\/\/floweskin.com\/lv\/?s={search_term_string}\"},\"query-input\":{\"@type\":\"PropertyValueSpecification\",\"valueRequired\":true,\"valueName\":\"search_term_string\"}}],\"inLanguage\":\"lv-LV\"},{\"@type\":\"Organization\",\"@id\":\"https:\/\/floweskin.com\/lv\/#organization\",\"name\":\"Floweskin\",\"url\":\"https:\/\/floweskin.com\/lv\/\",\"logo\":{\"@type\":\"ImageObject\",\"inLanguage\":\"lv-LV\",\"@id\":\"https:\/\/floweskin.com\/lv\/#\/schema\/logo\/image\/\",\"url\":\"https:\/\/floweskin.com\/wp-content\/uploads\/2025\/11\/Uus-Projekt-39.png\",\"contentUrl\":\"https:\/\/floweskin.com\/wp-content\/uploads\/2025\/11\/Uus-Projekt-39.png\",\"width\":400,\"height\":400,\"caption\":\"Floweskin\"},\"image\":{\"@id\":\"https:\/\/floweskin.com\/lv\/#\/schema\/logo\/image\/\"}}]}<\/script>\n<!-- \/ Yoast SEO plugin. -->","yoast_head_json":{"title":"Immunity glow acu kr\u0113ms - Floweskin","robots":{"index":"index","follow":"follow","max-snippet":"max-snippet:-1","max-image-preview":"max-image-preview:large","max-video-preview":"max-video-preview:-1"},"canonical":"https:\/\/floweskin.com\/lv\/wp-json\/wp\/v2\/product\/782","og_locale":"lv_LV","og_type":"article","og_title":"Immunity glow acu kr\u0113ms - Floweskin","og_description":"Immunity Glow acu kr\u0113ms rad\u012bts, lai sp\u0113cin\u0101tu un harmoniz\u0113tu maigo \u0101du ap ac\u012bm. \u0160\u012bs jut\u012bg\u0101s zonas aizsardz\u012bba cie\u0161i saist\u012bta ar tavu iek\u0161\u0113jo l\u012bdzsvaru un \u0101das mikrobioma vesel\u012bbu - b\u016btisku ekosist\u0113mu, kas r\u016bp\u0113jas par \u0101das imunit\u0101ti un pie\u0161\u0137ir tai mirdzumu. T\u0101p\u0113c katra sast\u0101vda\u013ca ir r\u016bp\u012bgi izv\u0113l\u0113ta, lai stiprin\u0101tu \u0101das dabisko aizsardz\u012bbu, mazin\u0101tu jut\u012bgumu, atjaunotu aizsargbarjeru un nodro\u0161in\u0101tu dzi\u013cu mitrin\u0101\u0161anu, sniedzot \u0101dai dabisku mirdzumu.","og_url":"https:\/\/floweskin.com\/lv\/products\/immunity-glow-eye-cream\/","og_site_name":"Floweskin","article_modified_time":"2026-01-05T11:17:59+00:00","og_image":[{"width":2048,"height":2560,"url":"https:\/\/floweskin.com\/wp-content\/uploads\/2025\/10\/1-1-scaled.webp","type":"image\/webp"}],"twitter_card":"summary_large_image","twitter_misc":{"Est. reading time":"1 min\u016b\u0161u"},"schema":{"@context":"https:\/\/schema.org","@graph":[{"@type":"WebPage","@id":"https:\/\/floweskin.com\/lv\/products\/immunity-glow-eye-cream\/","url":"https:\/\/floweskin.com\/lv\/products\/immunity-glow-eye-cream\/","name":"Immunity glow acu kr\u0113ms - Floweskin","isPartOf":{"@id":"https:\/\/floweskin.com\/lv\/#website"},"primaryImageOfPage":{"@id":"https:\/\/floweskin.com\/lv\/products\/immunity-glow-eye-cream\/#primaryimage"},"image":{"@id":"https:\/\/floweskin.com\/lv\/products\/immunity-glow-eye-cream\/#primaryimage"},"thumbnailUrl":"https:\/\/floweskin.com\/wp-content\/uploads\/2025\/10\/1-1-scaled.webp","datePublished":"2025-10-07T09:03:09+00:00","dateModified":"2026-01-05T11:17:59+00:00","breadcrumb":{"@id":"https:\/\/floweskin.com\/lv\/products\/immunity-glow-eye-cream\/#breadcrumb"},"inLanguage":"lv-LV","potentialAction":[{"@type":"ReadAction","target":["https:\/\/floweskin.com\/lv\/products\/immunity-glow-eye-cream\/"]}]},{"@type":"ImageObject","inLanguage":"lv-LV","@id":"https:\/\/floweskin.com\/lv\/products\/immunity-glow-eye-cream\/#primaryimage","url":"https:\/\/floweskin.com\/wp-content\/uploads\/2025\/10\/1-1-scaled.webp","contentUrl":"https:\/\/floweskin.com\/wp-content\/uploads\/2025\/10\/1-1-scaled.webp","width":2048,"height":2560},{"@type":"BreadcrumbList","@id":"https:\/\/floweskin.com\/lv\/products\/immunity-glow-eye-cream\/#breadcrumb","itemListElement":[{"@type":"ListItem","position":1,"name":"Home","item":"https:\/\/floweskin.com\/lv\/sakumlapa\/"},{"@type":"ListItem","position":2,"name":"Veikals","item":"https:\/\/floweskin.com\/lv\/veikals\/"},{"@type":"ListItem","position":3,"name":"Immunity glow acu kr\u0113ms"}]},{"@type":"WebSite","@id":"https:\/\/floweskin.com\/lv\/#website","url":"https:\/\/floweskin.com\/lv\/","name":"Floweskin","description":"","publisher":{"@id":"https:\/\/floweskin.com\/lv\/#organization"},"potentialAction":[{"@type":"SearchAction","target":{"@type":"EntryPoint","urlTemplate":"https:\/\/floweskin.com\/lv\/?s={search_term_string}"},"query-input":{"@type":"PropertyValueSpecification","valueRequired":true,"valueName":"search_term_string"}}],"inLanguage":"lv-LV"},{"@type":"Organization","@id":"https:\/\/floweskin.com\/lv\/#organization","name":"Floweskin","url":"https:\/\/floweskin.com\/lv\/","logo":{"@type":"ImageObject","inLanguage":"lv-LV","@id":"https:\/\/floweskin.com\/lv\/#\/schema\/logo\/image\/","url":"https:\/\/floweskin.com\/wp-content\/uploads\/2025\/11\/Uus-Projekt-39.png","contentUrl":"https:\/\/floweskin.com\/wp-content\/uploads\/2025\/11\/Uus-Projekt-39.png","width":400,"height":400,"caption":"Floweskin"},"image":{"@id":"https:\/\/floweskin.com\/lv\/#\/schema\/logo\/image\/"}}]}},"_links":{"self":[{"href":"https:\/\/floweskin.com\/lv\/wp-json\/wp\/v2\/product\/782","targetHints":{"allow":["GET"]}}],"collection":[{"href":"https:\/\/floweskin.com\/lv\/wp-json\/wp\/v2\/product"}],"about":[{"href":"https:\/\/floweskin.com\/lv\/wp-json\/wp\/v2\/types\/product"}],"wp:featuredmedia":[{"embeddable":true,"href":"https:\/\/floweskin.com\/lv\/wp-json\/wp\/v2\/media\/907"}],"wp:attachment":[{"href":"https:\/\/floweskin.com\/lv\/wp-json\/wp\/v2\/media?parent=782"}],"wp:term":[{"taxonomy":"product_brand","embeddable":true,"href":"https:\/\/floweskin.com\/lv\/wp-json\/wp\/v2\/product_brand?post=782"},{"taxonomy":"product_cat","embeddable":true,"href":"https:\/\/floweskin.com\/lv\/wp-json\/wp\/v2\/product_cat?post=782"},{"taxonomy":"product_tag","embeddable":true,"href":"https:\/\/floweskin.com\/lv\/wp-json\/wp\/v2\/product_tag?post=782"}],"curies":[{"name":"wp","href":"https:\/\/api.w.org\/{rel}","templated":true}]}}