{"id":780,"date":"2025-11-11T13:56:00","date_gmt":"2025-11-11T13:56:00","guid":{"rendered":"https:\/\/floweskin.com\/product\/immunity-glow-serum-mis\/"},"modified":"2025-11-26T18:29:18","modified_gmt":"2025-11-26T16:29:18","slug":"immunity-glow-serum-mis","status":"publish","type":"product","link":"https:\/\/floweskin.com\/lv\/products\/immunity-glow-serum-mis\/","title":{"rendered":"Immunity glow serums mists"},"content":{"rendered":"","protected":false},"excerpt":{"rendered":"<p><span style=\"font-weight: 400;\">Izsmidzin\u0101ms sejas serums, kas apvieno tonika vieglumu ar seruma iedarb\u012bgumu. Bag\u0101tin\u0101ts ar Zieme\u013ceiropas augu ekstraktu mais\u012bjumu, tas maigi ap\u0146em \u0101du, pal\u012bdzot uztur\u0113t stipru un vesel\u012bgu aizsargbarjeru. Izsmidzin\u0101mais serums atbalsta \u0101das mikrobioma l\u012bdzsvaru un saudz\u012bgi to kopj. Aptverot seju ar smalku dvesmu, tas izce\u013c \u0101das dabisko mirdzumu un pie\u0161\u0137ir svaigu, starojo\u0161u noska\u0146u, kas iemieso dz\u012bv\u012bgumu un vesel\u012bbu.   <\/span><\/p>\n","protected":false},"featured_media":1032,"template":"","meta":{"_acf_changed":false},"product_brand":[],"product_cat":[58],"product_tag":[],"class_list":{"0":"post-780","1":"product","2":"type-product","3":"status-publish","4":"has-post-thumbnail","6":"product_cat-meadow-serija","8":"first","9":"outofstock","10":"sold-individually","11":"taxable","12":"shipping-taxable","13":"purchasable","14":"product-type-simple"},"acf":[],"yoast_head":"<!-- This site is optimized with the Yoast SEO plugin v27.4 - https:\/\/yoast.com\/product\/yoast-seo-wordpress\/ -->\n<title>Immunity glow serums mists - Floweskin<\/title>\n<meta name=\"robots\" content=\"index, follow, max-snippet:-1, max-image-preview:large, max-video-preview:-1\" \/>\n<link rel=\"canonical\" href=\"https:\/\/floweskin.com\/lv\/wp-json\/wp\/v2\/product\/780\" \/>\n<meta property=\"og:locale\" content=\"lv_LV\" \/>\n<meta property=\"og:type\" content=\"article\" \/>\n<meta property=\"og:title\" content=\"Immunity glow serums mists - Floweskin\" \/>\n<meta property=\"og:description\" content=\"Izsmidzin\u0101ms sejas serums, kas apvieno tonika vieglumu ar seruma iedarb\u012bgumu. Bag\u0101tin\u0101ts ar Zieme\u013ceiropas augu ekstraktu mais\u012bjumu, tas maigi ap\u0146em \u0101du, pal\u012bdzot uztur\u0113t stipru un vesel\u012bgu aizsargbarjeru. Izsmidzin\u0101mais serums atbalsta \u0101das mikrobioma l\u012bdzsvaru un saudz\u012bgi to kopj. Aptverot seju ar smalku dvesmu, tas izce\u013c \u0101das dabisko mirdzumu un pie\u0161\u0137ir svaigu, starojo\u0161u noska\u0146u, kas iemieso dz\u012bv\u012bgumu un vesel\u012bbu.\" \/>\n<meta property=\"og:url\" content=\"https:\/\/floweskin.com\/lv\/products\/immunity-glow-serum-mis\/\" \/>\n<meta property=\"og:site_name\" content=\"Floweskin\" \/>\n<meta property=\"article:modified_time\" content=\"2025-11-26T16:29:18+00:00\" \/>\n<meta property=\"og:image\" content=\"https:\/\/floweskin.com\/wp-content\/uploads\/2025\/11\/serum-mist-overlay.webp\" \/>\n\t<meta property=\"og:image:width\" content=\"1600\" \/>\n\t<meta property=\"og:image:height\" content=\"2000\" \/>\n\t<meta property=\"og:image:type\" content=\"image\/webp\" \/>\n<meta name=\"twitter:card\" content=\"summary_large_image\" \/>\n<script type=\"application\/ld+json\" class=\"yoast-schema-graph\">{\"@context\":\"https:\\\/\\\/schema.org\",\"@graph\":[{\"@type\":\"WebPage\",\"@id\":\"https:\\\/\\\/floweskin.com\\\/lv\\\/products\\\/immunity-glow-serum-mis\\\/\",\"url\":\"https:\\\/\\\/floweskin.com\\\/lv\\\/products\\\/immunity-glow-serum-mis\\\/\",\"name\":\"Immunity glow serums mists - Floweskin\",\"isPartOf\":{\"@id\":\"https:\\\/\\\/floweskin.com\\\/lv\\\/#website\"},\"primaryImageOfPage\":{\"@id\":\"https:\\\/\\\/floweskin.com\\\/lv\\\/products\\\/immunity-glow-serum-mis\\\/#primaryimage\"},\"image\":{\"@id\":\"https:\\\/\\\/floweskin.com\\\/lv\\\/products\\\/immunity-glow-serum-mis\\\/#primaryimage\"},\"thumbnailUrl\":\"https:\\\/\\\/floweskin.com\\\/wp-content\\\/uploads\\\/2025\\\/11\\\/serum-mist-overlay.webp\",\"datePublished\":\"2025-11-11T13:56:00+00:00\",\"dateModified\":\"2025-11-26T16:29:18+00:00\",\"breadcrumb\":{\"@id\":\"https:\\\/\\\/floweskin.com\\\/lv\\\/products\\\/immunity-glow-serum-mis\\\/#breadcrumb\"},\"inLanguage\":\"lv-LV\",\"potentialAction\":[{\"@type\":\"ReadAction\",\"target\":[\"https:\\\/\\\/floweskin.com\\\/lv\\\/products\\\/immunity-glow-serum-mis\\\/\"]}]},{\"@type\":\"ImageObject\",\"inLanguage\":\"lv-LV\",\"@id\":\"https:\\\/\\\/floweskin.com\\\/lv\\\/products\\\/immunity-glow-serum-mis\\\/#primaryimage\",\"url\":\"https:\\\/\\\/floweskin.com\\\/wp-content\\\/uploads\\\/2025\\\/11\\\/serum-mist-overlay.webp\",\"contentUrl\":\"https:\\\/\\\/floweskin.com\\\/wp-content\\\/uploads\\\/2025\\\/11\\\/serum-mist-overlay.webp\",\"width\":1600,\"height\":2000},{\"@type\":\"BreadcrumbList\",\"@id\":\"https:\\\/\\\/floweskin.com\\\/lv\\\/products\\\/immunity-glow-serum-mis\\\/#breadcrumb\",\"itemListElement\":[{\"@type\":\"ListItem\",\"position\":1,\"name\":\"Home\",\"item\":\"https:\\\/\\\/floweskin.com\\\/lv\\\/sakumlapa\\\/\"},{\"@type\":\"ListItem\",\"position\":2,\"name\":\"Veikals\",\"item\":\"https:\\\/\\\/floweskin.com\\\/lv\\\/veikals\\\/\"},{\"@type\":\"ListItem\",\"position\":3,\"name\":\"Immunity glow serums mists\"}]},{\"@type\":\"WebSite\",\"@id\":\"https:\\\/\\\/floweskin.com\\\/lv\\\/#website\",\"url\":\"https:\\\/\\\/floweskin.com\\\/lv\\\/\",\"name\":\"Floweskin\",\"description\":\"\",\"publisher\":{\"@id\":\"https:\\\/\\\/floweskin.com\\\/lv\\\/#organization\"},\"potentialAction\":[{\"@type\":\"SearchAction\",\"target\":{\"@type\":\"EntryPoint\",\"urlTemplate\":\"https:\\\/\\\/floweskin.com\\\/lv\\\/?s={search_term_string}\"},\"query-input\":{\"@type\":\"PropertyValueSpecification\",\"valueRequired\":true,\"valueName\":\"search_term_string\"}}],\"inLanguage\":\"lv-LV\"},{\"@type\":\"Organization\",\"@id\":\"https:\\\/\\\/floweskin.com\\\/lv\\\/#organization\",\"name\":\"Floweskin\",\"url\":\"https:\\\/\\\/floweskin.com\\\/lv\\\/\",\"logo\":{\"@type\":\"ImageObject\",\"inLanguage\":\"lv-LV\",\"@id\":\"https:\\\/\\\/floweskin.com\\\/lv\\\/#\\\/schema\\\/logo\\\/image\\\/\",\"url\":\"https:\\\/\\\/floweskin.com\\\/wp-content\\\/uploads\\\/2025\\\/11\\\/Uus-Projekt-39.png\",\"contentUrl\":\"https:\\\/\\\/floweskin.com\\\/wp-content\\\/uploads\\\/2025\\\/11\\\/Uus-Projekt-39.png\",\"width\":400,\"height\":400,\"caption\":\"Floweskin\"},\"image\":{\"@id\":\"https:\\\/\\\/floweskin.com\\\/lv\\\/#\\\/schema\\\/logo\\\/image\\\/\"}}]}<\/script>\n<!-- \/ Yoast SEO plugin. -->","yoast_head_json":{"title":"Immunity glow serums mists - Floweskin","robots":{"index":"index","follow":"follow","max-snippet":"max-snippet:-1","max-image-preview":"max-image-preview:large","max-video-preview":"max-video-preview:-1"},"canonical":"https:\/\/floweskin.com\/lv\/wp-json\/wp\/v2\/product\/780","og_locale":"lv_LV","og_type":"article","og_title":"Immunity glow serums mists - Floweskin","og_description":"Izsmidzin\u0101ms sejas serums, kas apvieno tonika vieglumu ar seruma iedarb\u012bgumu. Bag\u0101tin\u0101ts ar Zieme\u013ceiropas augu ekstraktu mais\u012bjumu, tas maigi ap\u0146em \u0101du, pal\u012bdzot uztur\u0113t stipru un vesel\u012bgu aizsargbarjeru. Izsmidzin\u0101mais serums atbalsta \u0101das mikrobioma l\u012bdzsvaru un saudz\u012bgi to kopj. Aptverot seju ar smalku dvesmu, tas izce\u013c \u0101das dabisko mirdzumu un pie\u0161\u0137ir svaigu, starojo\u0161u noska\u0146u, kas iemieso dz\u012bv\u012bgumu un vesel\u012bbu.","og_url":"https:\/\/floweskin.com\/lv\/products\/immunity-glow-serum-mis\/","og_site_name":"Floweskin","article_modified_time":"2025-11-26T16:29:18+00:00","og_image":[{"width":1600,"height":2000,"url":"https:\/\/floweskin.com\/wp-content\/uploads\/2025\/11\/serum-mist-overlay.webp","type":"image\/webp"}],"twitter_card":"summary_large_image","schema":{"@context":"https:\/\/schema.org","@graph":[{"@type":"WebPage","@id":"https:\/\/floweskin.com\/lv\/products\/immunity-glow-serum-mis\/","url":"https:\/\/floweskin.com\/lv\/products\/immunity-glow-serum-mis\/","name":"Immunity glow serums mists - Floweskin","isPartOf":{"@id":"https:\/\/floweskin.com\/lv\/#website"},"primaryImageOfPage":{"@id":"https:\/\/floweskin.com\/lv\/products\/immunity-glow-serum-mis\/#primaryimage"},"image":{"@id":"https:\/\/floweskin.com\/lv\/products\/immunity-glow-serum-mis\/#primaryimage"},"thumbnailUrl":"https:\/\/floweskin.com\/wp-content\/uploads\/2025\/11\/serum-mist-overlay.webp","datePublished":"2025-11-11T13:56:00+00:00","dateModified":"2025-11-26T16:29:18+00:00","breadcrumb":{"@id":"https:\/\/floweskin.com\/lv\/products\/immunity-glow-serum-mis\/#breadcrumb"},"inLanguage":"lv-LV","potentialAction":[{"@type":"ReadAction","target":["https:\/\/floweskin.com\/lv\/products\/immunity-glow-serum-mis\/"]}]},{"@type":"ImageObject","inLanguage":"lv-LV","@id":"https:\/\/floweskin.com\/lv\/products\/immunity-glow-serum-mis\/#primaryimage","url":"https:\/\/floweskin.com\/wp-content\/uploads\/2025\/11\/serum-mist-overlay.webp","contentUrl":"https:\/\/floweskin.com\/wp-content\/uploads\/2025\/11\/serum-mist-overlay.webp","width":1600,"height":2000},{"@type":"BreadcrumbList","@id":"https:\/\/floweskin.com\/lv\/products\/immunity-glow-serum-mis\/#breadcrumb","itemListElement":[{"@type":"ListItem","position":1,"name":"Home","item":"https:\/\/floweskin.com\/lv\/sakumlapa\/"},{"@type":"ListItem","position":2,"name":"Veikals","item":"https:\/\/floweskin.com\/lv\/veikals\/"},{"@type":"ListItem","position":3,"name":"Immunity glow serums mists"}]},{"@type":"WebSite","@id":"https:\/\/floweskin.com\/lv\/#website","url":"https:\/\/floweskin.com\/lv\/","name":"Floweskin","description":"","publisher":{"@id":"https:\/\/floweskin.com\/lv\/#organization"},"potentialAction":[{"@type":"SearchAction","target":{"@type":"EntryPoint","urlTemplate":"https:\/\/floweskin.com\/lv\/?s={search_term_string}"},"query-input":{"@type":"PropertyValueSpecification","valueRequired":true,"valueName":"search_term_string"}}],"inLanguage":"lv-LV"},{"@type":"Organization","@id":"https:\/\/floweskin.com\/lv\/#organization","name":"Floweskin","url":"https:\/\/floweskin.com\/lv\/","logo":{"@type":"ImageObject","inLanguage":"lv-LV","@id":"https:\/\/floweskin.com\/lv\/#\/schema\/logo\/image\/","url":"https:\/\/floweskin.com\/wp-content\/uploads\/2025\/11\/Uus-Projekt-39.png","contentUrl":"https:\/\/floweskin.com\/wp-content\/uploads\/2025\/11\/Uus-Projekt-39.png","width":400,"height":400,"caption":"Floweskin"},"image":{"@id":"https:\/\/floweskin.com\/lv\/#\/schema\/logo\/image\/"}}]}},"_links":{"self":[{"href":"https:\/\/floweskin.com\/lv\/wp-json\/wp\/v2\/product\/780","targetHints":{"allow":["GET"]}}],"collection":[{"href":"https:\/\/floweskin.com\/lv\/wp-json\/wp\/v2\/product"}],"about":[{"href":"https:\/\/floweskin.com\/lv\/wp-json\/wp\/v2\/types\/product"}],"wp:featuredmedia":[{"embeddable":true,"href":"https:\/\/floweskin.com\/lv\/wp-json\/wp\/v2\/media\/1032"}],"wp:attachment":[{"href":"https:\/\/floweskin.com\/lv\/wp-json\/wp\/v2\/media?parent=780"}],"wp:term":[{"taxonomy":"product_brand","embeddable":true,"href":"https:\/\/floweskin.com\/lv\/wp-json\/wp\/v2\/product_brand?post=780"},{"taxonomy":"product_cat","embeddable":true,"href":"https:\/\/floweskin.com\/lv\/wp-json\/wp\/v2\/product_cat?post=780"},{"taxonomy":"product_tag","embeddable":true,"href":"https:\/\/floweskin.com\/lv\/wp-json\/wp\/v2\/product_tag?post=780"}],"curies":[{"name":"wp","href":"https:\/\/api.w.org\/{rel}","templated":true}]}}