{"id":778,"date":"2025-11-11T13:42:32","date_gmt":"2025-11-11T13:42:32","guid":{"rendered":"https:\/\/floweskin.com\/product\/immunity-glow-cleanser\/"},"modified":"2025-11-26T18:29:05","modified_gmt":"2025-11-26T16:29:05","slug":"immunity-glow-cleanser","status":"publish","type":"product","link":"https:\/\/floweskin.com\/lv\/products\/immunity-glow-cleanser\/","title":{"rendered":"Immunity att\u012bro\u0161a e\u013c\u013ca"},"content":{"rendered":"","protected":false},"excerpt":{"rendered":"<p><span style=\"font-weight: 400;\">Luksusa e\u013c\u013cas\u2013pieni\u0146a att\u012bro\u0161ais l\u012bdzeklis, kas saskar\u0113 ar \u016bdeni p\u0101rv\u0113r\u0161as viegl\u0101 emulsij\u0101 un bez piep\u016bles no\u0146em gan kosm\u0113tiku, gan SPF un dienas gait\u0101 uzkr\u0101ju\u0161os net\u012brumus. Maig\u0101 formula saudz\u0113 \u0101das smalko ekosist\u0113mu, stiprina t\u0101s dabisko aizsardz\u012bbu un pal\u012bdz uztur\u0113t l\u012bdzsvarotu mikrobiomu. P\u0113c lieto\u0161anas \u0101da j\u016btas maiga un dzi\u013ci pabarota, gatava uz\u0146emt n\u0101kamos kop\u0161anas so\u013cus.  <\/span><\/p>\n","protected":false},"featured_media":1034,"template":"","meta":{"_acf_changed":false},"product_brand":[],"product_cat":[58],"product_tag":[],"class_list":{"0":"post-778","1":"product","2":"type-product","3":"status-publish","4":"has-post-thumbnail","6":"product_cat-meadow-serija","8":"first","9":"outofstock","10":"sold-individually","11":"taxable","12":"shipping-taxable","13":"purchasable","14":"product-type-simple"},"acf":[],"yoast_head":"<!-- This site is optimized with the Yoast SEO plugin v27.4 - https:\/\/yoast.com\/product\/yoast-seo-wordpress\/ -->\n<title>Immunity att\u012bro\u0161a e\u013c\u013ca - Floweskin<\/title>\n<meta name=\"robots\" content=\"index, follow, max-snippet:-1, max-image-preview:large, max-video-preview:-1\" \/>\n<link rel=\"canonical\" href=\"https:\/\/floweskin.com\/lv\/wp-json\/wp\/v2\/product\/778\" \/>\n<meta property=\"og:locale\" content=\"lv_LV\" \/>\n<meta property=\"og:type\" content=\"article\" \/>\n<meta property=\"og:title\" content=\"Immunity att\u012bro\u0161a e\u013c\u013ca - Floweskin\" \/>\n<meta property=\"og:description\" content=\"Luksusa e\u013c\u013cas\u2013pieni\u0146a att\u012bro\u0161ais l\u012bdzeklis, kas saskar\u0113 ar \u016bdeni p\u0101rv\u0113r\u0161as viegl\u0101 emulsij\u0101 un bez piep\u016bles no\u0146em gan kosm\u0113tiku, gan SPF un dienas gait\u0101 uzkr\u0101ju\u0161os net\u012brumus. Maig\u0101 formula saudz\u0113 \u0101das smalko ekosist\u0113mu, stiprina t\u0101s dabisko aizsardz\u012bbu un pal\u012bdz uztur\u0113t l\u012bdzsvarotu mikrobiomu. P\u0113c lieto\u0161anas \u0101da j\u016btas maiga un dzi\u013ci pabarota, gatava uz\u0146emt n\u0101kamos kop\u0161anas so\u013cus.\" \/>\n<meta property=\"og:url\" content=\"https:\/\/floweskin.com\/lv\/products\/immunity-glow-cleanser\/\" \/>\n<meta property=\"og:site_name\" content=\"Floweskin\" \/>\n<meta property=\"article:modified_time\" content=\"2025-11-26T16:29:05+00:00\" \/>\n<meta property=\"og:image\" content=\"https:\/\/floweskin.com\/wp-content\/uploads\/2025\/11\/cleanser-overlay.webp\" \/>\n\t<meta property=\"og:image:width\" content=\"1600\" \/>\n\t<meta property=\"og:image:height\" content=\"2000\" \/>\n\t<meta property=\"og:image:type\" content=\"image\/webp\" \/>\n<meta name=\"twitter:card\" content=\"summary_large_image\" \/>\n<script type=\"application\/ld+json\" class=\"yoast-schema-graph\">{\"@context\":\"https:\\\/\\\/schema.org\",\"@graph\":[{\"@type\":\"WebPage\",\"@id\":\"https:\\\/\\\/floweskin.com\\\/lv\\\/products\\\/immunity-glow-cleanser\\\/\",\"url\":\"https:\\\/\\\/floweskin.com\\\/lv\\\/products\\\/immunity-glow-cleanser\\\/\",\"name\":\"Immunity att\u012bro\u0161a e\u013c\u013ca - Floweskin\",\"isPartOf\":{\"@id\":\"https:\\\/\\\/floweskin.com\\\/lv\\\/#website\"},\"primaryImageOfPage\":{\"@id\":\"https:\\\/\\\/floweskin.com\\\/lv\\\/products\\\/immunity-glow-cleanser\\\/#primaryimage\"},\"image\":{\"@id\":\"https:\\\/\\\/floweskin.com\\\/lv\\\/products\\\/immunity-glow-cleanser\\\/#primaryimage\"},\"thumbnailUrl\":\"https:\\\/\\\/floweskin.com\\\/wp-content\\\/uploads\\\/2025\\\/11\\\/cleanser-overlay.webp\",\"datePublished\":\"2025-11-11T13:42:32+00:00\",\"dateModified\":\"2025-11-26T16:29:05+00:00\",\"breadcrumb\":{\"@id\":\"https:\\\/\\\/floweskin.com\\\/lv\\\/products\\\/immunity-glow-cleanser\\\/#breadcrumb\"},\"inLanguage\":\"lv-LV\",\"potentialAction\":[{\"@type\":\"ReadAction\",\"target\":[\"https:\\\/\\\/floweskin.com\\\/lv\\\/products\\\/immunity-glow-cleanser\\\/\"]}]},{\"@type\":\"ImageObject\",\"inLanguage\":\"lv-LV\",\"@id\":\"https:\\\/\\\/floweskin.com\\\/lv\\\/products\\\/immunity-glow-cleanser\\\/#primaryimage\",\"url\":\"https:\\\/\\\/floweskin.com\\\/wp-content\\\/uploads\\\/2025\\\/11\\\/cleanser-overlay.webp\",\"contentUrl\":\"https:\\\/\\\/floweskin.com\\\/wp-content\\\/uploads\\\/2025\\\/11\\\/cleanser-overlay.webp\",\"width\":1600,\"height\":2000},{\"@type\":\"BreadcrumbList\",\"@id\":\"https:\\\/\\\/floweskin.com\\\/lv\\\/products\\\/immunity-glow-cleanser\\\/#breadcrumb\",\"itemListElement\":[{\"@type\":\"ListItem\",\"position\":1,\"name\":\"Home\",\"item\":\"https:\\\/\\\/floweskin.com\\\/lv\\\/sakumlapa\\\/\"},{\"@type\":\"ListItem\",\"position\":2,\"name\":\"Veikals\",\"item\":\"https:\\\/\\\/floweskin.com\\\/lv\\\/veikals\\\/\"},{\"@type\":\"ListItem\",\"position\":3,\"name\":\"Immunity att\u012bro\u0161a e\u013c\u013ca\"}]},{\"@type\":\"WebSite\",\"@id\":\"https:\\\/\\\/floweskin.com\\\/lv\\\/#website\",\"url\":\"https:\\\/\\\/floweskin.com\\\/lv\\\/\",\"name\":\"Floweskin\",\"description\":\"\",\"publisher\":{\"@id\":\"https:\\\/\\\/floweskin.com\\\/lv\\\/#organization\"},\"potentialAction\":[{\"@type\":\"SearchAction\",\"target\":{\"@type\":\"EntryPoint\",\"urlTemplate\":\"https:\\\/\\\/floweskin.com\\\/lv\\\/?s={search_term_string}\"},\"query-input\":{\"@type\":\"PropertyValueSpecification\",\"valueRequired\":true,\"valueName\":\"search_term_string\"}}],\"inLanguage\":\"lv-LV\"},{\"@type\":\"Organization\",\"@id\":\"https:\\\/\\\/floweskin.com\\\/lv\\\/#organization\",\"name\":\"Floweskin\",\"url\":\"https:\\\/\\\/floweskin.com\\\/lv\\\/\",\"logo\":{\"@type\":\"ImageObject\",\"inLanguage\":\"lv-LV\",\"@id\":\"https:\\\/\\\/floweskin.com\\\/lv\\\/#\\\/schema\\\/logo\\\/image\\\/\",\"url\":\"https:\\\/\\\/floweskin.com\\\/wp-content\\\/uploads\\\/2025\\\/11\\\/Uus-Projekt-39.png\",\"contentUrl\":\"https:\\\/\\\/floweskin.com\\\/wp-content\\\/uploads\\\/2025\\\/11\\\/Uus-Projekt-39.png\",\"width\":400,\"height\":400,\"caption\":\"Floweskin\"},\"image\":{\"@id\":\"https:\\\/\\\/floweskin.com\\\/lv\\\/#\\\/schema\\\/logo\\\/image\\\/\"}}]}<\/script>\n<!-- \/ Yoast SEO plugin. -->","yoast_head_json":{"title":"Immunity att\u012bro\u0161a e\u013c\u013ca - Floweskin","robots":{"index":"index","follow":"follow","max-snippet":"max-snippet:-1","max-image-preview":"max-image-preview:large","max-video-preview":"max-video-preview:-1"},"canonical":"https:\/\/floweskin.com\/lv\/wp-json\/wp\/v2\/product\/778","og_locale":"lv_LV","og_type":"article","og_title":"Immunity att\u012bro\u0161a e\u013c\u013ca - Floweskin","og_description":"Luksusa e\u013c\u013cas\u2013pieni\u0146a att\u012bro\u0161ais l\u012bdzeklis, kas saskar\u0113 ar \u016bdeni p\u0101rv\u0113r\u0161as viegl\u0101 emulsij\u0101 un bez piep\u016bles no\u0146em gan kosm\u0113tiku, gan SPF un dienas gait\u0101 uzkr\u0101ju\u0161os net\u012brumus. Maig\u0101 formula saudz\u0113 \u0101das smalko ekosist\u0113mu, stiprina t\u0101s dabisko aizsardz\u012bbu un pal\u012bdz uztur\u0113t l\u012bdzsvarotu mikrobiomu. P\u0113c lieto\u0161anas \u0101da j\u016btas maiga un dzi\u013ci pabarota, gatava uz\u0146emt n\u0101kamos kop\u0161anas so\u013cus.","og_url":"https:\/\/floweskin.com\/lv\/products\/immunity-glow-cleanser\/","og_site_name":"Floweskin","article_modified_time":"2025-11-26T16:29:05+00:00","og_image":[{"width":1600,"height":2000,"url":"https:\/\/floweskin.com\/wp-content\/uploads\/2025\/11\/cleanser-overlay.webp","type":"image\/webp"}],"twitter_card":"summary_large_image","schema":{"@context":"https:\/\/schema.org","@graph":[{"@type":"WebPage","@id":"https:\/\/floweskin.com\/lv\/products\/immunity-glow-cleanser\/","url":"https:\/\/floweskin.com\/lv\/products\/immunity-glow-cleanser\/","name":"Immunity att\u012bro\u0161a e\u013c\u013ca - Floweskin","isPartOf":{"@id":"https:\/\/floweskin.com\/lv\/#website"},"primaryImageOfPage":{"@id":"https:\/\/floweskin.com\/lv\/products\/immunity-glow-cleanser\/#primaryimage"},"image":{"@id":"https:\/\/floweskin.com\/lv\/products\/immunity-glow-cleanser\/#primaryimage"},"thumbnailUrl":"https:\/\/floweskin.com\/wp-content\/uploads\/2025\/11\/cleanser-overlay.webp","datePublished":"2025-11-11T13:42:32+00:00","dateModified":"2025-11-26T16:29:05+00:00","breadcrumb":{"@id":"https:\/\/floweskin.com\/lv\/products\/immunity-glow-cleanser\/#breadcrumb"},"inLanguage":"lv-LV","potentialAction":[{"@type":"ReadAction","target":["https:\/\/floweskin.com\/lv\/products\/immunity-glow-cleanser\/"]}]},{"@type":"ImageObject","inLanguage":"lv-LV","@id":"https:\/\/floweskin.com\/lv\/products\/immunity-glow-cleanser\/#primaryimage","url":"https:\/\/floweskin.com\/wp-content\/uploads\/2025\/11\/cleanser-overlay.webp","contentUrl":"https:\/\/floweskin.com\/wp-content\/uploads\/2025\/11\/cleanser-overlay.webp","width":1600,"height":2000},{"@type":"BreadcrumbList","@id":"https:\/\/floweskin.com\/lv\/products\/immunity-glow-cleanser\/#breadcrumb","itemListElement":[{"@type":"ListItem","position":1,"name":"Home","item":"https:\/\/floweskin.com\/lv\/sakumlapa\/"},{"@type":"ListItem","position":2,"name":"Veikals","item":"https:\/\/floweskin.com\/lv\/veikals\/"},{"@type":"ListItem","position":3,"name":"Immunity att\u012bro\u0161a e\u013c\u013ca"}]},{"@type":"WebSite","@id":"https:\/\/floweskin.com\/lv\/#website","url":"https:\/\/floweskin.com\/lv\/","name":"Floweskin","description":"","publisher":{"@id":"https:\/\/floweskin.com\/lv\/#organization"},"potentialAction":[{"@type":"SearchAction","target":{"@type":"EntryPoint","urlTemplate":"https:\/\/floweskin.com\/lv\/?s={search_term_string}"},"query-input":{"@type":"PropertyValueSpecification","valueRequired":true,"valueName":"search_term_string"}}],"inLanguage":"lv-LV"},{"@type":"Organization","@id":"https:\/\/floweskin.com\/lv\/#organization","name":"Floweskin","url":"https:\/\/floweskin.com\/lv\/","logo":{"@type":"ImageObject","inLanguage":"lv-LV","@id":"https:\/\/floweskin.com\/lv\/#\/schema\/logo\/image\/","url":"https:\/\/floweskin.com\/wp-content\/uploads\/2025\/11\/Uus-Projekt-39.png","contentUrl":"https:\/\/floweskin.com\/wp-content\/uploads\/2025\/11\/Uus-Projekt-39.png","width":400,"height":400,"caption":"Floweskin"},"image":{"@id":"https:\/\/floweskin.com\/lv\/#\/schema\/logo\/image\/"}}]}},"_links":{"self":[{"href":"https:\/\/floweskin.com\/lv\/wp-json\/wp\/v2\/product\/778","targetHints":{"allow":["GET"]}}],"collection":[{"href":"https:\/\/floweskin.com\/lv\/wp-json\/wp\/v2\/product"}],"about":[{"href":"https:\/\/floweskin.com\/lv\/wp-json\/wp\/v2\/types\/product"}],"wp:featuredmedia":[{"embeddable":true,"href":"https:\/\/floweskin.com\/lv\/wp-json\/wp\/v2\/media\/1034"}],"wp:attachment":[{"href":"https:\/\/floweskin.com\/lv\/wp-json\/wp\/v2\/media?parent=778"}],"wp:term":[{"taxonomy":"product_brand","embeddable":true,"href":"https:\/\/floweskin.com\/lv\/wp-json\/wp\/v2\/product_brand?post=778"},{"taxonomy":"product_cat","embeddable":true,"href":"https:\/\/floweskin.com\/lv\/wp-json\/wp\/v2\/product_cat?post=778"},{"taxonomy":"product_tag","embeddable":true,"href":"https:\/\/floweskin.com\/lv\/wp-json\/wp\/v2\/product_tag?post=778"}],"curies":[{"name":"wp","href":"https:\/\/api.w.org\/{rel}","templated":true}]}}