{"id":597,"date":"2025-10-07T09:04:16","date_gmt":"2025-10-07T09:04:16","guid":{"rendered":"https:\/\/floweskin.com\/product\/immunity-glow-cream\/"},"modified":"2026-01-05T13:17:46","modified_gmt":"2026-01-05T11:17:46","slug":"immunity-glow-cream","status":"publish","type":"product","link":"https:\/\/floweskin.com\/lv\/products\/immunity-glow-cream\/","title":{"rendered":"Immunity glow kr\u0113ms"},"content":{"rendered":"<p>Zieme\u013cu p\u013cavas glab\u0101 sp\u0113c\u012bgus dabas elementus tavas \u0101das aizsardz\u012bbai.<br \/>Sarkan\u0101 \u0101boli\u0146a ekstrakts, rasaskr\u0113sli\u0146a ekstrakts un rudzupu\u0137u zied\u016bdens veicina \u0101das atjauno\u0161anos, samazina noveco\u0161an\u0101s paz\u012bmes un uzlabo \u0161\u016bnu re\u0123ener\u0101ciju. Antioksidanti no p\u016b\u0137galves cilmes \u0161\u016bn\u0101m aizsarg\u0101 \u0101du no vides kait\u012bg\u0101s ietekmes. Probiotikas, prebiotikas un laktobacilium r\u016bp\u0113jas par vesel\u012bgu un l\u012bdzsvarotu \u0101das mikrobiomu. Hialuronsk\u0101be, v\u012bnogu kauli\u0146u e\u013c\u013ca un \u0161\u012b sviests nodro\u0161ina dzi\u013cu mitrin\u0101\u0161anu un baro\u0161anu.   <\/p>\n<p>Dermatolo\u0123iski test\u0113ts. Nekomedog\u0113ns.  \u2013 Parab\u0113nus<br \/>\u2013 Sulf\u0101tus<br \/>\u2013 Mikroplastmasas<br \/>\u2013 Sint\u0113tisk\u0101s smar\u017evielas<\/p>\n","protected":false},"excerpt":{"rendered":"<p><span style=\"font-weight: 400;\">Immunity Glow kr\u0113ms rad\u012bts saska\u0146\u0101 ar tavas \u0101das dabisko ritmu, lai to atbalst\u012btu. T\u0101 formula stiprina \u0101das aizsardz\u012bbu, samazina jut\u012bgumu, nomierina iekaisumus, atjauno aizsargbarjeru un uzlabo mitrin\u0101\u0161anu. Atbalstot \u0101das mikrobiomu &#8211; svar\u012bgu ekosist\u0113mu, kas r\u016bp\u0113jas par l\u012bdzsvaru, aizsardz\u012bbu un mirdzumu &#8211; katra sast\u0101vda\u013ca ir r\u016bp\u012bgi izv\u0113l\u0113ta, lai veicin\u0101tu \u0101das dabisko strarojumu un kop\u0113jo labsaj\u016btu. Vesel\u012bga \u0101da ir cie\u0161i saist\u012bta ar tavu iek\u0161\u0113jo harmoniju.  <\/span><\/p>\n","protected":false},"featured_media":896,"template":"","meta":{"_acf_changed":false},"product_brand":[],"product_cat":[58],"product_tag":[],"class_list":{"0":"post-597","1":"product","2":"type-product","3":"status-publish","4":"has-post-thumbnail","6":"product_cat-meadow-serija","8":"first","9":"instock","10":"featured","11":"taxable","12":"shipping-taxable","13":"purchasable","14":"product-type-simple"},"acf":[],"yoast_head":"<!-- This site is optimized with the Yoast SEO plugin v27.2 - https:\/\/yoast.com\/product\/yoast-seo-wordpress\/ -->\n<title>Immunity glow kr\u0113ms - Floweskin<\/title>\n<meta name=\"robots\" content=\"index, follow, max-snippet:-1, max-image-preview:large, max-video-preview:-1\" \/>\n<link rel=\"canonical\" href=\"https:\/\/floweskin.com\/lv\/wp-json\/wp\/v2\/product\/597\" \/>\n<meta property=\"og:locale\" content=\"lv_LV\" \/>\n<meta property=\"og:type\" content=\"article\" \/>\n<meta property=\"og:title\" content=\"Immunity glow kr\u0113ms - Floweskin\" \/>\n<meta property=\"og:description\" content=\"Immunity Glow kr\u0113ms rad\u012bts saska\u0146\u0101 ar tavas \u0101das dabisko ritmu, lai to atbalst\u012btu. T\u0101 formula stiprina \u0101das aizsardz\u012bbu, samazina jut\u012bgumu, nomierina iekaisumus, atjauno aizsargbarjeru un uzlabo mitrin\u0101\u0161anu. Atbalstot \u0101das mikrobiomu - svar\u012bgu ekosist\u0113mu, kas r\u016bp\u0113jas par l\u012bdzsvaru, aizsardz\u012bbu un mirdzumu - katra sast\u0101vda\u013ca ir r\u016bp\u012bgi izv\u0113l\u0113ta, lai veicin\u0101tu \u0101das dabisko strarojumu un kop\u0113jo labsaj\u016btu. Vesel\u012bga \u0101da ir cie\u0161i saist\u012bta ar tavu iek\u0161\u0113jo harmoniju.\" \/>\n<meta property=\"og:url\" content=\"https:\/\/floweskin.com\/lv\/products\/immunity-glow-cream\/\" \/>\n<meta property=\"og:site_name\" content=\"Floweskin\" \/>\n<meta property=\"article:modified_time\" content=\"2026-01-05T11:17:46+00:00\" \/>\n<meta property=\"og:image\" content=\"https:\/\/floweskin.com\/wp-content\/uploads\/2025\/10\/1-scaled.webp\" \/>\n\t<meta property=\"og:image:width\" content=\"2048\" \/>\n\t<meta property=\"og:image:height\" content=\"2560\" \/>\n\t<meta property=\"og:image:type\" content=\"image\/webp\" \/>\n<meta name=\"twitter:card\" content=\"summary_large_image\" \/>\n<meta name=\"twitter:label1\" content=\"Est. reading time\" \/>\n\t<meta name=\"twitter:data1\" content=\"1 min\u016b\u0161u\" \/>\n<script type=\"application\/ld+json\" class=\"yoast-schema-graph\">{\"@context\":\"https:\/\/schema.org\",\"@graph\":[{\"@type\":\"WebPage\",\"@id\":\"https:\/\/floweskin.com\/lv\/products\/immunity-glow-cream\/\",\"url\":\"https:\/\/floweskin.com\/lv\/products\/immunity-glow-cream\/\",\"name\":\"Immunity glow kr\u0113ms - Floweskin\",\"isPartOf\":{\"@id\":\"https:\/\/floweskin.com\/lv\/#website\"},\"primaryImageOfPage\":{\"@id\":\"https:\/\/floweskin.com\/lv\/products\/immunity-glow-cream\/#primaryimage\"},\"image\":{\"@id\":\"https:\/\/floweskin.com\/lv\/products\/immunity-glow-cream\/#primaryimage\"},\"thumbnailUrl\":\"https:\/\/floweskin.com\/wp-content\/uploads\/2025\/10\/1-scaled.webp\",\"datePublished\":\"2025-10-07T09:04:16+00:00\",\"dateModified\":\"2026-01-05T11:17:46+00:00\",\"breadcrumb\":{\"@id\":\"https:\/\/floweskin.com\/lv\/products\/immunity-glow-cream\/#breadcrumb\"},\"inLanguage\":\"lv-LV\",\"potentialAction\":[{\"@type\":\"ReadAction\",\"target\":[\"https:\/\/floweskin.com\/lv\/products\/immunity-glow-cream\/\"]}]},{\"@type\":\"ImageObject\",\"inLanguage\":\"lv-LV\",\"@id\":\"https:\/\/floweskin.com\/lv\/products\/immunity-glow-cream\/#primaryimage\",\"url\":\"https:\/\/floweskin.com\/wp-content\/uploads\/2025\/10\/1-scaled.webp\",\"contentUrl\":\"https:\/\/floweskin.com\/wp-content\/uploads\/2025\/10\/1-scaled.webp\",\"width\":2048,\"height\":2560},{\"@type\":\"BreadcrumbList\",\"@id\":\"https:\/\/floweskin.com\/lv\/products\/immunity-glow-cream\/#breadcrumb\",\"itemListElement\":[{\"@type\":\"ListItem\",\"position\":1,\"name\":\"Home\",\"item\":\"https:\/\/floweskin.com\/lv\/sakumlapa\/\"},{\"@type\":\"ListItem\",\"position\":2,\"name\":\"Veikals\",\"item\":\"https:\/\/floweskin.com\/lv\/veikals\/\"},{\"@type\":\"ListItem\",\"position\":3,\"name\":\"Immunity glow kr\u0113ms\"}]},{\"@type\":\"WebSite\",\"@id\":\"https:\/\/floweskin.com\/lv\/#website\",\"url\":\"https:\/\/floweskin.com\/lv\/\",\"name\":\"Floweskin\",\"description\":\"\",\"publisher\":{\"@id\":\"https:\/\/floweskin.com\/lv\/#organization\"},\"potentialAction\":[{\"@type\":\"SearchAction\",\"target\":{\"@type\":\"EntryPoint\",\"urlTemplate\":\"https:\/\/floweskin.com\/lv\/?s={search_term_string}\"},\"query-input\":{\"@type\":\"PropertyValueSpecification\",\"valueRequired\":true,\"valueName\":\"search_term_string\"}}],\"inLanguage\":\"lv-LV\"},{\"@type\":\"Organization\",\"@id\":\"https:\/\/floweskin.com\/lv\/#organization\",\"name\":\"Floweskin\",\"url\":\"https:\/\/floweskin.com\/lv\/\",\"logo\":{\"@type\":\"ImageObject\",\"inLanguage\":\"lv-LV\",\"@id\":\"https:\/\/floweskin.com\/lv\/#\/schema\/logo\/image\/\",\"url\":\"https:\/\/floweskin.com\/wp-content\/uploads\/2025\/11\/Uus-Projekt-39.png\",\"contentUrl\":\"https:\/\/floweskin.com\/wp-content\/uploads\/2025\/11\/Uus-Projekt-39.png\",\"width\":400,\"height\":400,\"caption\":\"Floweskin\"},\"image\":{\"@id\":\"https:\/\/floweskin.com\/lv\/#\/schema\/logo\/image\/\"}}]}<\/script>\n<!-- \/ Yoast SEO plugin. -->","yoast_head_json":{"title":"Immunity glow kr\u0113ms - Floweskin","robots":{"index":"index","follow":"follow","max-snippet":"max-snippet:-1","max-image-preview":"max-image-preview:large","max-video-preview":"max-video-preview:-1"},"canonical":"https:\/\/floweskin.com\/lv\/wp-json\/wp\/v2\/product\/597","og_locale":"lv_LV","og_type":"article","og_title":"Immunity glow kr\u0113ms - Floweskin","og_description":"Immunity Glow kr\u0113ms rad\u012bts saska\u0146\u0101 ar tavas \u0101das dabisko ritmu, lai to atbalst\u012btu. T\u0101 formula stiprina \u0101das aizsardz\u012bbu, samazina jut\u012bgumu, nomierina iekaisumus, atjauno aizsargbarjeru un uzlabo mitrin\u0101\u0161anu. Atbalstot \u0101das mikrobiomu - svar\u012bgu ekosist\u0113mu, kas r\u016bp\u0113jas par l\u012bdzsvaru, aizsardz\u012bbu un mirdzumu - katra sast\u0101vda\u013ca ir r\u016bp\u012bgi izv\u0113l\u0113ta, lai veicin\u0101tu \u0101das dabisko strarojumu un kop\u0113jo labsaj\u016btu. Vesel\u012bga \u0101da ir cie\u0161i saist\u012bta ar tavu iek\u0161\u0113jo harmoniju.","og_url":"https:\/\/floweskin.com\/lv\/products\/immunity-glow-cream\/","og_site_name":"Floweskin","article_modified_time":"2026-01-05T11:17:46+00:00","og_image":[{"width":2048,"height":2560,"url":"https:\/\/floweskin.com\/wp-content\/uploads\/2025\/10\/1-scaled.webp","type":"image\/webp"}],"twitter_card":"summary_large_image","twitter_misc":{"Est. reading time":"1 min\u016b\u0161u"},"schema":{"@context":"https:\/\/schema.org","@graph":[{"@type":"WebPage","@id":"https:\/\/floweskin.com\/lv\/products\/immunity-glow-cream\/","url":"https:\/\/floweskin.com\/lv\/products\/immunity-glow-cream\/","name":"Immunity glow kr\u0113ms - Floweskin","isPartOf":{"@id":"https:\/\/floweskin.com\/lv\/#website"},"primaryImageOfPage":{"@id":"https:\/\/floweskin.com\/lv\/products\/immunity-glow-cream\/#primaryimage"},"image":{"@id":"https:\/\/floweskin.com\/lv\/products\/immunity-glow-cream\/#primaryimage"},"thumbnailUrl":"https:\/\/floweskin.com\/wp-content\/uploads\/2025\/10\/1-scaled.webp","datePublished":"2025-10-07T09:04:16+00:00","dateModified":"2026-01-05T11:17:46+00:00","breadcrumb":{"@id":"https:\/\/floweskin.com\/lv\/products\/immunity-glow-cream\/#breadcrumb"},"inLanguage":"lv-LV","potentialAction":[{"@type":"ReadAction","target":["https:\/\/floweskin.com\/lv\/products\/immunity-glow-cream\/"]}]},{"@type":"ImageObject","inLanguage":"lv-LV","@id":"https:\/\/floweskin.com\/lv\/products\/immunity-glow-cream\/#primaryimage","url":"https:\/\/floweskin.com\/wp-content\/uploads\/2025\/10\/1-scaled.webp","contentUrl":"https:\/\/floweskin.com\/wp-content\/uploads\/2025\/10\/1-scaled.webp","width":2048,"height":2560},{"@type":"BreadcrumbList","@id":"https:\/\/floweskin.com\/lv\/products\/immunity-glow-cream\/#breadcrumb","itemListElement":[{"@type":"ListItem","position":1,"name":"Home","item":"https:\/\/floweskin.com\/lv\/sakumlapa\/"},{"@type":"ListItem","position":2,"name":"Veikals","item":"https:\/\/floweskin.com\/lv\/veikals\/"},{"@type":"ListItem","position":3,"name":"Immunity glow kr\u0113ms"}]},{"@type":"WebSite","@id":"https:\/\/floweskin.com\/lv\/#website","url":"https:\/\/floweskin.com\/lv\/","name":"Floweskin","description":"","publisher":{"@id":"https:\/\/floweskin.com\/lv\/#organization"},"potentialAction":[{"@type":"SearchAction","target":{"@type":"EntryPoint","urlTemplate":"https:\/\/floweskin.com\/lv\/?s={search_term_string}"},"query-input":{"@type":"PropertyValueSpecification","valueRequired":true,"valueName":"search_term_string"}}],"inLanguage":"lv-LV"},{"@type":"Organization","@id":"https:\/\/floweskin.com\/lv\/#organization","name":"Floweskin","url":"https:\/\/floweskin.com\/lv\/","logo":{"@type":"ImageObject","inLanguage":"lv-LV","@id":"https:\/\/floweskin.com\/lv\/#\/schema\/logo\/image\/","url":"https:\/\/floweskin.com\/wp-content\/uploads\/2025\/11\/Uus-Projekt-39.png","contentUrl":"https:\/\/floweskin.com\/wp-content\/uploads\/2025\/11\/Uus-Projekt-39.png","width":400,"height":400,"caption":"Floweskin"},"image":{"@id":"https:\/\/floweskin.com\/lv\/#\/schema\/logo\/image\/"}}]}},"_links":{"self":[{"href":"https:\/\/floweskin.com\/lv\/wp-json\/wp\/v2\/product\/597","targetHints":{"allow":["GET"]}}],"collection":[{"href":"https:\/\/floweskin.com\/lv\/wp-json\/wp\/v2\/product"}],"about":[{"href":"https:\/\/floweskin.com\/lv\/wp-json\/wp\/v2\/types\/product"}],"wp:featuredmedia":[{"embeddable":true,"href":"https:\/\/floweskin.com\/lv\/wp-json\/wp\/v2\/media\/896"}],"wp:attachment":[{"href":"https:\/\/floweskin.com\/lv\/wp-json\/wp\/v2\/media?parent=597"}],"wp:term":[{"taxonomy":"product_brand","embeddable":true,"href":"https:\/\/floweskin.com\/lv\/wp-json\/wp\/v2\/product_brand?post=597"},{"taxonomy":"product_cat","embeddable":true,"href":"https:\/\/floweskin.com\/lv\/wp-json\/wp\/v2\/product_cat?post=597"},{"taxonomy":"product_tag","embeddable":true,"href":"https:\/\/floweskin.com\/lv\/wp-json\/wp\/v2\/product_tag?post=597"}],"curies":[{"name":"wp","href":"https:\/\/api.w.org\/{rel}","templated":true}]}}