{"id":608,"date":"2025-10-28T14:45:43","date_gmt":"2025-10-28T12:45:43","guid":{"rendered":"https:\/\/floweskin.com\/cookie-policy\/"},"modified":"2025-11-25T13:19:01","modified_gmt":"2025-11-25T11:19:01","slug":"cookie-policy","status":"publish","type":"page","link":"https:\/\/floweskin.com\/lv\/cookie-policy\/","title":{"rendered":"S\u012bkdat\u0146u politika"},"content":{"rendered":"\n<p><strong>FLOWE Cosmetics SIA&nbsp;<\/strong><\/p>\n\n\n\n<p><strong>S\u012bkdat\u0146u (Cookies) politika<\/strong><\/p>\n\n\n\n<p>P\u0113d\u0113j\u0101s izmai\u0146as: 24.11.2025<\/p>\n\n\n\n<p><strong>FLOWE Cosmetics SIA<\/strong>,&nbsp; re\u0123istr\u0101cijas numurs:&nbsp;40203572046, juridisk\u0101 adrese:&nbsp;Papar\u017eu iela 4, Jaunm\u0101rupe, M\u0101rupes pag., M\u0101rupes nov., LV-2166, Latvija; elektronisk\u0101 pasta adrese:&nbsp;info@floweskin.com t\u012bmek\u013ca vietnes adrese:&nbsp; www.floweskin.com (\u201cUz\u0146\u0113mums\u201d) ap\u0146emas nodro\u0161in\u0101t Uz\u0146\u0113muma t\u012bmek\u013ca vietnes www.floweskin.com (\u201cVietne\u201d)&nbsp;un t\u0101s&nbsp;apmekl\u0113t\u0101ju personisk\u0101s inform\u0101cijas dro\u0161\u012bbu un vi\u0146u ties\u012bbu aizsardz\u012bbu, apmekl\u0113jot&nbsp; Vietni un iepaz\u012bstoties ar t\u0101s saturu, taj\u0101 skait\u0101 aizpildot elektroniskos dokumentus.<\/p>\n\n\n\n<p>Uz\u0146\u0113mums uzman\u012bgi attiecas pret J\u016bsu priv\u0101tumu un datu aizsardz\u012bbu, t\u0101d\u0113\u013c \u0161aj\u0101 s\u012bkdat\u0146u politik\u0101 detaliz\u0113ti apraksta, k\u0101 Uz\u0146\u0113mums izmanto s\u012bkdatnes, k\u0101das s\u012bkdatnes tiek lietotas un k\u0101 j\u016bs varat kontrol\u0113t savu s\u012bkdat\u0146u pieredzi Uz\u0146\u0113muma vietn\u0113. S\u012bkdat\u0146u politika attiecin\u0101ma un piem\u0113rojama vien\u012bgi uz Uz\u0146\u0113muma vietni.<\/p>\n\n\n\n<hr class=\"wp-block-separator has-alpha-channel-opacity\"\/>\n\n\n\n<p><strong>Kas ir s\u012bkdatnes (Cookies)?<\/strong><\/p>\n\n\n\n<p>S\u012bkdatnes ir datu kopas (inform\u0101cija) jeb burtu un skait\u013cu datnes, kuras tiek lejupiel\u0101d\u0113tas un saglab\u0101tas Vietnes apmekl\u0113t\u0101ja ier\u012bc\u0113 (dator\u0101, telefon\u0101 vai cit\u0101 ier\u012bc\u0113), lai identific\u0113tu p\u0101rl\u016bkprogrammu (Google Chrome, Microsoft Edge, Internet Explorer, Opera, Firefox, Safari un citas), k\u0101 ar\u012b taj\u0101 saglab\u0101tu noteiktu inform\u0101ciju vai iestat\u012bjumus, kas ne\u013cauj identific\u0113t apmekl\u0113t\u0101ju. S\u012bkdatnes \u013cauj Vietnei atcer\u0113ties j\u016bsu iepriek\u0161\u0113jas darb\u012bbas un preferences, t\u0101d\u0113j\u0101di uzlabojot j\u016bsu tie\u0161saistes pieredzi. S\u012bkdatnes var b\u016bt \u012bslaic\u012bgas (sesijas s\u012bkdatnes) vai past\u0101v\u012bgas (past\u0101v\u012bg\u0101s s\u012bkdatnes), un t\u0101s var b\u016bt pirm\u0101s puses (no pa\u0161as vietnes) vai tre\u0161\u0101s puses (no cit\u0101m vietn\u0113m).<\/p>\n\n\n\n<hr class=\"wp-block-separator has-alpha-channel-opacity\"\/>\n\n\n\n<p><strong>K\u0101d\u0113\u013c Uz\u0146\u0113mums izmanto s\u012bkdatnes?<\/strong><\/p>\n\n\n\n<p>Uz\u0146\u0113mums izmanto s\u012bkdatnes, lai:<\/p>\n\n\n\n<p><strong>Nodro\u0161in\u0101tu vietnes darb\u012bbu un optimiz\u0113tu veiktsp\u0113ju:<\/strong> Sesijas s\u012bkdatnes \u013cauj Uz\u0146\u0113mumam saglab\u0101t inform\u0101ciju par to, k\u0101 j\u016bs p\u0101rvietojaties pa vietni, lai t\u0101 var\u0113tu darboties efekt\u012bvi.&nbsp;<\/p>\n\n\n\n<p><strong>Piel\u0101gotu saturu un rekl\u0101mas:<\/strong> Uz\u0146\u0113mums izmanto s\u012bkdatnes, lai pied\u0101v\u0101tu personaliz\u0113tu saturu un rekl\u0101mas, kas atbilst j\u016bsu interes\u0113m un uzved\u012bbai Uz\u0146\u0113muma vietn\u0113.<\/p>\n\n\n\n<p><strong>Analiz\u0113tu lietot\u0101ju uzved\u012bbu:<\/strong> Uz\u0146\u0113mums izmanto anal\u012btisk\u0101s s\u012bkdatnes, lai saprastu, k\u0101 vietni izmanto apmekl\u0113t\u0101ji, un lai uzlabotu t\u0101s saturu un funkcionalit\u0101ti.<\/p>\n\n\n\n<p><strong>Nodro\u0161in\u0101tu tre\u0161o pu\u0161u pakalpojumu integr\u0101ciju:<\/strong> Uz\u0146\u0113mums sadarbojas ar tre\u0161aj\u0101m pus\u0113m, piem\u0113ram, soci\u0101lo t\u012bklu platform\u0101m, lai pied\u0101v\u0101tu papildu funkcijas un pakalpojumus Uz\u0146\u0113muma vietn\u0113.<\/p>\n\n\n\n<hr class=\"wp-block-separator has-alpha-channel-opacity\"\/>\n\n\n\n<p><strong>K\u0101das veida s\u012bkdatnes Uz\u0146\u0113mums izmanto?<\/strong><\/p>\n\n\n\n<p>Uz\u0146\u0113mums izmanto da\u017e\u0101das s\u012bkdatnes, kas var iedal\u012bties \u0161\u0101d\u0101s kategorij\u0101s:<\/p>\n\n\n\n<p><strong>Nepiecie\u0161am\u0101s s\u012bkdatnes (Session Cookies)<\/strong><\/p>\n\n\n\n<p>S\u012bkfaila nosaukums: PHPSESSID, cookie_notice_accepted&nbsp;<\/p>\n\n\n\n<p>M\u0113r\u0137is: \u0160\u012b sesijas s\u012bkdatne ir b\u016btiska, lai nodro\u0161in\u0101tu vietnes pamata darb\u012bbu. T\u0101 saglab\u0101 sesijas inform\u0101ciju, piem\u0113ram, lietot\u0101ja sesijas ID, lai vietne var\u0113tu darboties pareizi.<\/p>\n\n\n\n<p><strong>Funkcion\u0101l\u0101s s\u012bkdatnes (Functional Cookies)<\/strong><\/p>\n\n\n\n<p>S\u012bkfaila nosaukums: wp-wpml_current_language<\/p>\n\n\n\n<p>M\u0113r\u0137is:<strong> <\/strong>\u0160\u012bs s\u012bkdatnes \u013cauj atcer\u0113ties j\u016bsu preferences, piem\u0113ram, valodu izv\u0113li un citas piel\u0101gojamas iestat\u012bjumus.<\/p>\n\n\n\n<p><strong>Anal\u012btisk\u0101s un veiktsp\u0113jas s\u012bkdatnes (Analytical Cookies)<\/strong><\/p>\n\n\n\n<p>S\u012bkfaila nosaukums: _ga, _gid, _gat<\/p>\n\n\n\n<p>M\u0113r\u0137is: \u0160\u012bs s\u012bkdatnes tiek izmantotas, lai apkopotu anon\u012bmus datus par vietnes lieto\u0161anu, tostarp apmekl\u0113t\u0101ju skaitu, lapu apmekl\u0113jumu un citus anal\u012btiskus datus. \u0160ie dati pal\u012bdz izv\u0113rt\u0113t vietnes veiktsp\u0113ju un uzlabot t\u0101s saturu un funkcionalit\u0101ti.<\/p>\n\n\n\n<p><strong>M\u0101rketinga un rekl\u0101mu s\u012bkdatnes<\/strong><\/p>\n\n\n\n<p>S\u012bkfaila nosaukums: _fbp, _gcl_au, fr&nbsp;<\/p>\n\n\n\n<p>M\u0113r\u0137is: \u0160\u012bs s\u012bkdatnes \u013cauj izsekot rekl\u0101mu efektivit\u0101ti un pied\u0101v\u0101t personaliz\u0113tu rekl\u0101mu, kas atbilst j\u016bsu interes\u0113m. T\u0101s ar\u012b var tikt izmantotas, lai ieg\u016btu inform\u0101ciju par j\u016bsu p\u0101rl\u016bko\u0161anas paradumiem, lai piel\u0101gotu rekl\u0101mas saturu.<\/p>\n\n\n\n<hr class=\"wp-block-separator has-alpha-channel-opacity\"\/>\n\n\n\n<p><strong>K\u0101 j\u016bs varat kontrol\u0113t s\u012bkdatnes?<\/strong><\/p>\n\n\n\n<p>Apmekl\u0113jot Vietni, jums tiek att\u0113lots logs ar zi\u0146ojumu par to, ka Vietn\u0113 tiek izmantotas s\u012bkdatnes. Ja J\u016bs noklik\u0161\u0137in\u0101t uz opcijas \u201cPiekr\u012btu\u201d, tas noz\u012bm\u0113s, ka esat piekritis vis\u0101m s\u012bkdatn\u0113m, kuras atrodas Vietn\u0113 un apstiprin\u0101t, ka esat iepazinies ar inform\u0101ciju par s\u012bkdatn\u0113m, to izmanto\u0161anas nol\u016bkiem, gad\u012bjumiem, kad inform\u0101cija tiek nodota tre\u0161aj\u0101m person\u0101m.&nbsp;&nbsp;<\/p>\n\n\n\n<p>Attiec\u012bb\u0101 uz \u201cnepiecie\u0161amaj\u0101m\u201d s\u012bkdatn\u0113m J\u016bsu piekri\u0161ana netiek pras\u012bta, jo \u0161\u012bs s\u012bkdatnes nodro\u0161ina piln\u012bgu un nep\u0101rtrauktu Vietnes satura att\u0113lo\u0161anu, lai J\u016bs var\u0113tu pierakst\u012bties Vietn\u0113 un sa\u0146emt atbilsto\u0161u digit\u0101l\u0101s p\u0101rl\u016bko\u0161anas un tie\u0161saistes lieto\u0161anas pieredzi.&nbsp;<\/p>\n\n\n\n<p>J\u016bs varat kontrol\u0113t un p\u0101rvald\u012bt s\u012bkdatnes, mainot savas p\u0101rl\u016bka iestat\u012bjumus. Lai blo\u0137\u0113tu vai dz\u0113stu s\u012bkdatnes, J\u016bs varat iestat\u012bt p\u0101rl\u016bka preferenc\u0113s attiec\u012bgos ierobe\u017eojumus. Jums j\u0101\u0146em v\u0113r\u0101, ka s\u012bkdat\u0146u izsl\u0113g\u0161ana var ierobe\u017eot vietnes funkcionalit\u0101ti un da\u017eas funkcijas var nedarboties pareizi.<\/p>\n\n\n\n<hr class=\"wp-block-separator has-alpha-channel-opacity\"\/>\n\n\n\n<p><strong>S\u012bkdat\u0146u politikas izmai\u0146as<\/strong><\/p>\n\n\n\n<p>Uz\u0146\u0113mums patur ties\u012bbas veikt izmai\u0146as \u0161aj\u0101 s\u012bkdat\u0146u politik\u0101 p\u0113c nepiecie\u0161am\u012bbas. Visas izmai\u0146as&nbsp;s\u012bkdat\u0146u izmanto\u0161anas politik\u0101 tiks public\u0113tas <a href=\"http:\/\/www.agroplatforma.lv\">www. floweskin.com<\/a>.&nbsp;<\/p>\n\n\n\n<hr class=\"wp-block-separator has-alpha-channel-opacity\"\/>\n\n\n\n<p><strong>Sazi\u0146a ar mums<\/strong><\/p>\n\n\n\n<p>Ja Jums ir jaut\u0101jumi par personas datu apstr\u0101di, aicin\u0101m iepaz\u012bties ar Uz\u0146\u0113muma Priv\u0101tuma politiku vai sazin\u0101ties ar Uz\u0146\u0113mumu, nos\u016btot j\u016bsu jaut\u0101jumu uz info@floweskin.com.<\/p>\n","protected":false},"excerpt":{"rendered":"<p>FLOWE Cosmetics SIA&nbsp; S\u012bkdat\u0146u (Cookies) politika P\u0113d\u0113j\u0101s izmai\u0146as: 24.11.2025 FLOWE Cosmetics SIA,&nbsp; re\u0123istr\u0101cijas numurs:&nbsp;40203572046, juridisk\u0101 adrese:&nbsp;Papar\u017eu iela 4, Jaunm\u0101rupe, M\u0101rupes pag., M\u0101rupes nov., LV-2166, Latvija; elektronisk\u0101 pasta adrese:&nbsp;info@floweskin.com t\u012bmek\u013ca vietnes adrese:&nbsp; www.floweskin.com (\u201cUz\u0146\u0113mums\u201d) ap\u0146emas nodro\u0161in\u0101t Uz\u0146\u0113muma t\u012bmek\u013ca vietnes www.floweskin.com (\u201cVietne\u201d)&nbsp;un t\u0101s&nbsp;apmekl\u0113t\u0101ju personisk\u0101s inform\u0101cijas dro\u0161\u012bbu un vi\u0146u ties\u012bbu aizsardz\u012bbu, apmekl\u0113jot&nbsp; Vietni un iepaz\u012bstoties ar t\u0101s saturu, [&hellip;]<\/p>\n","protected":false},"author":1,"featured_media":0,"parent":0,"menu_order":0,"comment_status":"closed","ping_status":"closed","template":"","meta":{"_acf_changed":false,"footnotes":""},"class_list":["post-608","page","type-page","status-publish","hentry"],"acf":[],"yoast_head":"<!-- This site is optimized with the Yoast SEO plugin v27.2 - https:\/\/yoast.com\/product\/yoast-seo-wordpress\/ -->\n<title>S\u012bkdat\u0146u politika - Floweskin<\/title>\n<meta name=\"robots\" content=\"index, follow, max-snippet:-1, max-image-preview:large, max-video-preview:-1\" \/>\n<link rel=\"canonical\" href=\"https:\/\/floweskin.com\/lv\/wp-json\/wp\/v2\/pages\/608\" \/>\n<meta property=\"og:locale\" content=\"lv_LV\" \/>\n<meta property=\"og:type\" content=\"article\" \/>\n<meta property=\"og:title\" content=\"S\u012bkdat\u0146u politika - Floweskin\" \/>\n<meta property=\"og:description\" content=\"FLOWE Cosmetics SIA&nbsp; S\u012bkdat\u0146u (Cookies) politika P\u0113d\u0113j\u0101s izmai\u0146as: 24.11.2025 FLOWE Cosmetics SIA,&nbsp; re\u0123istr\u0101cijas numurs:&nbsp;40203572046, juridisk\u0101 adrese:&nbsp;Papar\u017eu iela 4, Jaunm\u0101rupe, M\u0101rupes pag., M\u0101rupes nov., LV-2166, Latvija; elektronisk\u0101 pasta adrese:&nbsp;info@floweskin.com t\u012bmek\u013ca vietnes adrese:&nbsp; www.floweskin.com (\u201cUz\u0146\u0113mums\u201d) ap\u0146emas nodro\u0161in\u0101t Uz\u0146\u0113muma t\u012bmek\u013ca vietnes www.floweskin.com (\u201cVietne\u201d)&nbsp;un t\u0101s&nbsp;apmekl\u0113t\u0101ju personisk\u0101s inform\u0101cijas dro\u0161\u012bbu un vi\u0146u ties\u012bbu aizsardz\u012bbu, apmekl\u0113jot&nbsp; Vietni un iepaz\u012bstoties ar t\u0101s saturu, [&hellip;]\" \/>\n<meta property=\"og:url\" content=\"https:\/\/floweskin.com\/lv\/cookie-policy\/\" \/>\n<meta property=\"og:site_name\" content=\"Floweskin\" \/>\n<meta property=\"article:modified_time\" content=\"2025-11-25T11:19:01+00:00\" \/>\n<meta property=\"og:image\" content=\"https:\/\/floweskin.com\/wp-content\/uploads\/2025\/11\/Uus-Projekt-38.png\" \/>\n\t<meta property=\"og:image:width\" content=\"1280\" \/>\n\t<meta property=\"og:image:height\" content=\"720\" \/>\n\t<meta property=\"og:image:type\" content=\"image\/png\" \/>\n<meta name=\"twitter:card\" content=\"summary_large_image\" \/>\n<meta name=\"twitter:label1\" content=\"Est. reading time\" \/>\n\t<meta name=\"twitter:data1\" content=\"3 min\u016btes\" \/>\n<script type=\"application\/ld+json\" class=\"yoast-schema-graph\">{\"@context\":\"https:\/\/schema.org\",\"@graph\":[{\"@type\":\"WebPage\",\"@id\":\"https:\/\/floweskin.com\/lv\/cookie-policy\/\",\"url\":\"https:\/\/floweskin.com\/lv\/cookie-policy\/\",\"name\":\"S\u012bkdat\u0146u politika - Floweskin\",\"isPartOf\":{\"@id\":\"https:\/\/floweskin.com\/lv\/#website\"},\"datePublished\":\"2025-10-28T12:45:43+00:00\",\"dateModified\":\"2025-11-25T11:19:01+00:00\",\"breadcrumb\":{\"@id\":\"https:\/\/floweskin.com\/lv\/cookie-policy\/#breadcrumb\"},\"inLanguage\":\"lv-LV\",\"potentialAction\":[{\"@type\":\"ReadAction\",\"target\":[\"https:\/\/floweskin.com\/lv\/cookie-policy\/\"]}]},{\"@type\":\"BreadcrumbList\",\"@id\":\"https:\/\/floweskin.com\/lv\/cookie-policy\/#breadcrumb\",\"itemListElement\":[{\"@type\":\"ListItem\",\"position\":1,\"name\":\"Home\",\"item\":\"https:\/\/floweskin.com\/lv\/sakumlapa\/\"},{\"@type\":\"ListItem\",\"position\":2,\"name\":\"S\u012bkdat\u0146u politika\"}]},{\"@type\":\"WebSite\",\"@id\":\"https:\/\/floweskin.com\/lv\/#website\",\"url\":\"https:\/\/floweskin.com\/lv\/\",\"name\":\"Floweskin\",\"description\":\"\",\"publisher\":{\"@id\":\"https:\/\/floweskin.com\/lv\/#organization\"},\"potentialAction\":[{\"@type\":\"SearchAction\",\"target\":{\"@type\":\"EntryPoint\",\"urlTemplate\":\"https:\/\/floweskin.com\/lv\/?s={search_term_string}\"},\"query-input\":{\"@type\":\"PropertyValueSpecification\",\"valueRequired\":true,\"valueName\":\"search_term_string\"}}],\"inLanguage\":\"lv-LV\"},{\"@type\":\"Organization\",\"@id\":\"https:\/\/floweskin.com\/lv\/#organization\",\"name\":\"Floweskin\",\"url\":\"https:\/\/floweskin.com\/lv\/\",\"logo\":{\"@type\":\"ImageObject\",\"inLanguage\":\"lv-LV\",\"@id\":\"https:\/\/floweskin.com\/lv\/#\/schema\/logo\/image\/\",\"url\":\"https:\/\/floweskin.com\/wp-content\/uploads\/2025\/11\/Uus-Projekt-39.png\",\"contentUrl\":\"https:\/\/floweskin.com\/wp-content\/uploads\/2025\/11\/Uus-Projekt-39.png\",\"width\":400,\"height\":400,\"caption\":\"Floweskin\"},\"image\":{\"@id\":\"https:\/\/floweskin.com\/lv\/#\/schema\/logo\/image\/\"}}]}<\/script>\n<!-- \/ Yoast SEO plugin. -->","yoast_head_json":{"title":"S\u012bkdat\u0146u politika - Floweskin","robots":{"index":"index","follow":"follow","max-snippet":"max-snippet:-1","max-image-preview":"max-image-preview:large","max-video-preview":"max-video-preview:-1"},"canonical":"https:\/\/floweskin.com\/lv\/wp-json\/wp\/v2\/pages\/608","og_locale":"lv_LV","og_type":"article","og_title":"S\u012bkdat\u0146u politika - Floweskin","og_description":"FLOWE Cosmetics SIA&nbsp; S\u012bkdat\u0146u (Cookies) politika P\u0113d\u0113j\u0101s izmai\u0146as: 24.11.2025 FLOWE Cosmetics SIA,&nbsp; re\u0123istr\u0101cijas numurs:&nbsp;40203572046, juridisk\u0101 adrese:&nbsp;Papar\u017eu iela 4, Jaunm\u0101rupe, M\u0101rupes pag., M\u0101rupes nov., LV-2166, Latvija; elektronisk\u0101 pasta adrese:&nbsp;info@floweskin.com t\u012bmek\u013ca vietnes adrese:&nbsp; www.floweskin.com (\u201cUz\u0146\u0113mums\u201d) ap\u0146emas nodro\u0161in\u0101t Uz\u0146\u0113muma t\u012bmek\u013ca vietnes www.floweskin.com (\u201cVietne\u201d)&nbsp;un t\u0101s&nbsp;apmekl\u0113t\u0101ju personisk\u0101s inform\u0101cijas dro\u0161\u012bbu un vi\u0146u ties\u012bbu aizsardz\u012bbu, apmekl\u0113jot&nbsp; Vietni un iepaz\u012bstoties ar t\u0101s saturu, [&hellip;]","og_url":"https:\/\/floweskin.com\/lv\/cookie-policy\/","og_site_name":"Floweskin","article_modified_time":"2025-11-25T11:19:01+00:00","og_image":[{"width":1280,"height":720,"url":"https:\/\/floweskin.com\/wp-content\/uploads\/2025\/11\/Uus-Projekt-38.png","type":"image\/png"}],"twitter_card":"summary_large_image","twitter_misc":{"Est. reading time":"3 min\u016btes"},"schema":{"@context":"https:\/\/schema.org","@graph":[{"@type":"WebPage","@id":"https:\/\/floweskin.com\/lv\/cookie-policy\/","url":"https:\/\/floweskin.com\/lv\/cookie-policy\/","name":"S\u012bkdat\u0146u politika - Floweskin","isPartOf":{"@id":"https:\/\/floweskin.com\/lv\/#website"},"datePublished":"2025-10-28T12:45:43+00:00","dateModified":"2025-11-25T11:19:01+00:00","breadcrumb":{"@id":"https:\/\/floweskin.com\/lv\/cookie-policy\/#breadcrumb"},"inLanguage":"lv-LV","potentialAction":[{"@type":"ReadAction","target":["https:\/\/floweskin.com\/lv\/cookie-policy\/"]}]},{"@type":"BreadcrumbList","@id":"https:\/\/floweskin.com\/lv\/cookie-policy\/#breadcrumb","itemListElement":[{"@type":"ListItem","position":1,"name":"Home","item":"https:\/\/floweskin.com\/lv\/sakumlapa\/"},{"@type":"ListItem","position":2,"name":"S\u012bkdat\u0146u politika"}]},{"@type":"WebSite","@id":"https:\/\/floweskin.com\/lv\/#website","url":"https:\/\/floweskin.com\/lv\/","name":"Floweskin","description":"","publisher":{"@id":"https:\/\/floweskin.com\/lv\/#organization"},"potentialAction":[{"@type":"SearchAction","target":{"@type":"EntryPoint","urlTemplate":"https:\/\/floweskin.com\/lv\/?s={search_term_string}"},"query-input":{"@type":"PropertyValueSpecification","valueRequired":true,"valueName":"search_term_string"}}],"inLanguage":"lv-LV"},{"@type":"Organization","@id":"https:\/\/floweskin.com\/lv\/#organization","name":"Floweskin","url":"https:\/\/floweskin.com\/lv\/","logo":{"@type":"ImageObject","inLanguage":"lv-LV","@id":"https:\/\/floweskin.com\/lv\/#\/schema\/logo\/image\/","url":"https:\/\/floweskin.com\/wp-content\/uploads\/2025\/11\/Uus-Projekt-39.png","contentUrl":"https:\/\/floweskin.com\/wp-content\/uploads\/2025\/11\/Uus-Projekt-39.png","width":400,"height":400,"caption":"Floweskin"},"image":{"@id":"https:\/\/floweskin.com\/lv\/#\/schema\/logo\/image\/"}}]}},"_links":{"self":[{"href":"https:\/\/floweskin.com\/lv\/wp-json\/wp\/v2\/pages\/608","targetHints":{"allow":["GET"]}}],"collection":[{"href":"https:\/\/floweskin.com\/lv\/wp-json\/wp\/v2\/pages"}],"about":[{"href":"https:\/\/floweskin.com\/lv\/wp-json\/wp\/v2\/types\/page"}],"author":[{"embeddable":true,"href":"https:\/\/floweskin.com\/lv\/wp-json\/wp\/v2\/users\/1"}],"replies":[{"embeddable":true,"href":"https:\/\/floweskin.com\/lv\/wp-json\/wp\/v2\/comments?post=608"}],"version-history":[{"count":4,"href":"https:\/\/floweskin.com\/lv\/wp-json\/wp\/v2\/pages\/608\/revisions"}],"predecessor-version":[{"id":1096,"href":"https:\/\/floweskin.com\/lv\/wp-json\/wp\/v2\/pages\/608\/revisions\/1096"}],"wp:attachment":[{"href":"https:\/\/floweskin.com\/lv\/wp-json\/wp\/v2\/media?parent=608"}],"curies":[{"name":"wp","href":"https:\/\/api.w.org\/{rel}","templated":true}]}}