{"id":591,"date":"2025-09-23T09:18:59","date_gmt":"2025-09-23T06:18:59","guid":{"rendered":"https:\/\/floweskin.com\/ilgtspeja\/"},"modified":"2025-11-27T10:22:49","modified_gmt":"2025-11-27T08:22:49","slug":"ilgtspeja","status":"publish","type":"page","link":"https:\/\/floweskin.com\/lv\/ilgtspeja\/","title":{"rendered":"Ilgtsp\u0113ja"},"content":{"rendered":"\t\t<div data-elementor-type=\"wp-page\" data-elementor-id=\"591\" class=\"elementor elementor-591 elementor-40\" data-elementor-post-type=\"page\">\n\t\t\t\t<div class=\"elementor-element elementor-element-23641e6 e-flex e-con-boxed e-con e-parent\" data-id=\"23641e6\" data-element_type=\"container\" data-e-type=\"container\" data-settings=\"{&quot;background_background&quot;:&quot;classic&quot;}\">\n\t\t\t\t\t<div class=\"e-con-inner\">\n\t\t<div class=\"elementor-element elementor-element-4b93f27 e-con-full e-flex e-con e-child\" data-id=\"4b93f27\" data-element_type=\"container\" data-e-type=\"container\">\n\t\t<div class=\"elementor-element elementor-element-d53820c e-con-full e-flex e-con e-child\" data-id=\"d53820c\" data-element_type=\"container\" data-e-type=\"container\">\n\t\t\t\t<div class=\"elementor-element elementor-element-0c0ede2 elementor-widget elementor-widget-image\" data-id=\"0c0ede2\" data-element_type=\"widget\" data-e-type=\"widget\" data-widget_type=\"image.default\">\n\t\t\t\t\t\t\t\t\t\t\t\t\t\t\t<img decoding=\"async\" width=\"212\" height=\"217\" src=\"https:\/\/floweskin.com\/wp-content\/uploads\/2025\/09\/Layer_1-15.svg\" class=\"attachment-large size-large wp-image-517\" alt=\"\" \/>\t\t\t\t\t\t\t\t\t\t\t\t\t\t\t<\/div>\n\t\t\t\t<div class=\"elementor-element elementor-element-abf00fd elementor-widget elementor-widget-heading\" data-id=\"abf00fd\" data-element_type=\"widget\" data-e-type=\"widget\" data-widget_type=\"heading.default\">\n\t\t\t\t\t<h1 class=\"elementor-heading-title elementor-size-default\">Dabas cikls un ilgsto\u0161as r\u016bpes<\/h1>\t\t\t\t<\/div>\n\t\t\t\t<div class=\"elementor-element elementor-element-d8a3e77 elementor-widget-mobile__width-initial elementor-hidden-desktop elementor-hidden-tablet elementor-widget elementor-widget-text-editor\" data-id=\"d8a3e77\" data-element_type=\"widget\" data-e-type=\"widget\" data-widget_type=\"text-editor.default\">\n\t\t\t\t\t\t\t\t\t<p>M\u0113s ticam, ka r\u016bpes nebeidzas pie pirkuma izdar\u012b\u0161anas.<\/p><p>To, ko daba mums dod, m\u0113s god\u0101jam \u2013 radot produktus un sist\u0113mas, kas atgrie\u017eas saudz\u012bgi, nevis iz\u0161\u0137\u0113rd\u012bgi.<\/p>\t\t\t\t\t\t\t\t<\/div>\n\t\t\t\t<div class=\"elementor-element elementor-element-234d738 elementor-hidden-mobile elementor-widget elementor-widget-text-editor\" data-id=\"234d738\" data-element_type=\"widget\" data-e-type=\"widget\" data-widget_type=\"text-editor.default\">\n\t\t\t\t\t\t\t\t\t<p>M\u0113s ticam, ka r\u016bpes nebeidzas pie pirkuma izdar\u012b\u0161anas.<\/p><p>To, ko daba mums dod, m\u0113s god\u0101jam \u2013 radot produktus un sist\u0113mas, kas atgrie\u017eas saudz\u012bgi, nevis iz\u0161\u0137\u0113rd\u012bgi.<\/p>\t\t\t\t\t\t\t\t<\/div>\n\t\t\t\t<\/div>\n\t\t\t\t<\/div>\n\t\t\t\t\t<\/div>\n\t\t\t\t<\/div>\n\t\t<div class=\"elementor-element elementor-element-f232038 e-flex e-con-boxed e-con e-parent\" data-id=\"f232038\" data-element_type=\"container\" data-e-type=\"container\">\n\t\t\t\t\t<div class=\"e-con-inner\">\n\t\t<div class=\"elementor-element elementor-element-db0f225 e-con-full e-flex e-con e-child\" data-id=\"db0f225\" data-element_type=\"container\" data-e-type=\"container\">\n\t\t<div class=\"elementor-element elementor-element-bca675b e-con-full e-flex e-con e-child\" data-id=\"bca675b\" data-element_type=\"container\" data-e-type=\"container\">\n\t\t\t\t<div class=\"elementor-element elementor-element-02c66eb elementor-widget elementor-widget-heading\" data-id=\"02c66eb\" data-element_type=\"widget\" data-e-type=\"widget\" data-widget_type=\"heading.default\">\n\t\t\t\t\t<p class=\"elementor-heading-title elementor-size-default\">Dabas cikls un ilgsto\u0161as r\u016bpes<\/p>\t\t\t\t<\/div>\n\t\t\t\t<div class=\"elementor-element elementor-element-139370c elementor-widget elementor-widget-heading\" data-id=\"139370c\" data-element_type=\"widget\" data-e-type=\"widget\" data-widget_type=\"heading.default\">\n\t\t\t\t\t<h2 class=\"elementor-heading-title elementor-size-default\">Ko ilgtsp\u0113ja <i>noz\u012bm\u0113<\/i> mums<\/h2>\t\t\t\t<\/div>\n\t\t\t\t<div class=\"elementor-element elementor-element-975b9b4 elementor-widget-mobile__width-initial elementor-widget elementor-widget-text-editor\" data-id=\"975b9b4\" data-element_type=\"widget\" data-e-type=\"widget\" data-widget_type=\"text-editor.default\">\n\t\t\t\t\t\t\t\t\t<p>Ilgtsp\u0113ja nav uzl\u012bme vai sauklis \u2013 tas ir veids, k\u0101 m\u0113s dom\u0101jam, veidojam un darbojamies. Ilgtsp\u0113ja nav uzl\u012bm\u012bte vai sauklis &#8211; t\u0101 ir m\u016bsu dom\u0101\u0161ana, dizains un r\u012bc\u012bba.\u2028Iedvesmojoties no nepiespiest\u0101 Zieme\u013cu dabas ritma, m\u0113s izv\u0113lamies l\u0113n\u0101ku ra\u017eo\u0161anu, ret\u0101kus produktu palai\u0161anas ciklus un materi\u0101lus, kas atst\u0101j maig\u0101ku nospiedumu. Nevis t\u0101p\u0113c, ka tas ir mod\u0113, bet t\u0101p\u0113c, ka tas ir b\u016btiski.<\/p>\t\t\t\t\t\t\t\t<\/div>\n\t\t<div class=\"elementor-element elementor-element-a005a24 e-con-full e-flex e-con e-child\" data-id=\"a005a24\" data-element_type=\"container\" data-e-type=\"container\">\n\t\t\t\t<div class=\"elementor-element elementor-element-98db9b2 elementor-widget elementor-widget-heading\" data-id=\"98db9b2\" data-element_type=\"widget\" data-e-type=\"widget\" data-widget_type=\"heading.default\">\n\t\t\t\t\t<h3 class=\"elementor-heading-title elementor-size-default\">Mazas darb\u012bbas, \u012bsts rezult\u0101ts - un \u0161\u0101di m\u0113s uzlabojam savu ra\u017eo\u0161anu:<\/h3>\t\t\t\t<\/div>\n\t\t\t\t<div class=\"elementor-element elementor-element-3adc639 elementor-align-center elementor-hidden-desktop elementor-hidden-tablet elementor-mobile-align-center elementor-icon-list--layout-traditional elementor-list-item-link-full_width elementor-widget elementor-widget-icon-list\" data-id=\"3adc639\" data-element_type=\"widget\" data-e-type=\"widget\" data-widget_type=\"icon-list.default\">\n\t\t\t\t\t\t\t<ul class=\"elementor-icon-list-items\">\n\t\t\t\t\t\t\t<li class=\"elementor-icon-list-item\">\n\t\t\t\t\t\t\t\t\t\t\t<span class=\"elementor-icon-list-icon\">\n\t\t\t\t\t\t\t<svg xmlns=\"http:\/\/www.w3.org\/2000\/svg\" width=\"12\" height=\"10\" viewBox=\"0 0 12 10\" fill=\"none\"><path d=\"M0.5 4.75L4.5 8.75L11.5 1.25\" stroke=\"#3C383A\" stroke-miterlimit=\"10\"><\/path><\/svg>\t\t\t\t\t\t<\/span>\n\t\t\t\t\t\t\t\t\t\t<span class=\"elementor-icon-list-text\">P\u0101rdom\u0101ti izv\u0113l\u0113ts, p\u0101rstr\u0101d\u0101jams prim\u0101rais iepakojums<\/span>\n\t\t\t\t\t\t\t\t\t<\/li>\n\t\t\t\t\t\t\t\t<li class=\"elementor-icon-list-item\">\n\t\t\t\t\t\t\t\t\t\t\t<span class=\"elementor-icon-list-icon\">\n\t\t\t\t\t\t\t<svg xmlns=\"http:\/\/www.w3.org\/2000\/svg\" width=\"12\" height=\"10\" viewBox=\"0 0 12 10\" fill=\"none\"><path d=\"M0.5 4.75L4.5 8.75L11.5 1.25\" stroke=\"#3C383A\" stroke-miterlimit=\"10\"><\/path><\/svg>\t\t\t\t\t\t<\/span>\n\t\t\t\t\t\t\t\t\t\t<span class=\"elementor-icon-list-text\">Izstr\u0101d\u0113 - atk\u0101rtoti uzpild\u0101mi ietvari<\/span>\n\t\t\t\t\t\t\t\t\t<\/li>\n\t\t\t\t\t\t\t\t<li class=\"elementor-icon-list-item\">\n\t\t\t\t\t\t\t\t\t\t\t<span class=\"elementor-icon-list-icon\">\n\t\t\t\t\t\t\t<svg xmlns=\"http:\/\/www.w3.org\/2000\/svg\" width=\"12\" height=\"10\" viewBox=\"0 0 12 10\" fill=\"none\"><path d=\"M0.5 4.75L4.5 8.75L11.5 1.25\" stroke=\"#3C383A\" stroke-miterlimit=\"10\"><\/path><\/svg>\t\t\t\t\t\t<\/span>\n\t\t\t\t\t\t\t\t\t\t<span class=\"elementor-icon-list-text\">Viet\u0113j\u0101 ra\u017eo\u0161ana un izejvielu iepirk\u0161ana, kad vien iesp\u0113jams<\/span>\n\t\t\t\t\t\t\t\t\t<\/li>\n\t\t\t\t\t\t\t\t<li class=\"elementor-icon-list-item\">\n\t\t\t\t\t\t\t\t\t\t\t<span class=\"elementor-icon-list-icon\">\n\t\t\t\t\t\t\t<svg xmlns=\"http:\/\/www.w3.org\/2000\/svg\" width=\"12\" height=\"10\" viewBox=\"0 0 12 10\" fill=\"none\"><path d=\"M0.5 4.75L4.5 8.75L11.5 1.25\" stroke=\"#3C383A\" stroke-miterlimit=\"10\"><\/path><\/svg>\t\t\t\t\t\t<\/span>\n\t\t\t\t\t\t\t\t\t\t<span class=\"elementor-icon-list-text\">Nelielas ra\u017eo\u0161anas partijas, lai samazin\u0101tu p\u0101rprodukciju un atkritumus<\/span>\n\t\t\t\t\t\t\t\t\t<\/li>\n\t\t\t\t\t\t<\/ul>\n\t\t\t\t\t\t<\/div>\n\t\t\t\t<div class=\"elementor-element elementor-element-ce404a1 elementor-align-center elementor-hidden-mobile elementor-icon-list--layout-traditional elementor-list-item-link-full_width elementor-widget elementor-widget-icon-list\" data-id=\"ce404a1\" data-element_type=\"widget\" data-e-type=\"widget\" data-widget_type=\"icon-list.default\">\n\t\t\t\t\t\t\t<ul class=\"elementor-icon-list-items\">\n\t\t\t\t\t\t\t<li class=\"elementor-icon-list-item\">\n\t\t\t\t\t\t\t\t\t\t\t<span class=\"elementor-icon-list-icon\">\n\t\t\t\t\t\t\t<svg xmlns=\"http:\/\/www.w3.org\/2000\/svg\" width=\"12\" height=\"10\" viewBox=\"0 0 12 10\" fill=\"none\"><path d=\"M0.5 4.75L4.5 8.75L11.5 1.25\" stroke=\"#3C383A\" stroke-miterlimit=\"10\"><\/path><\/svg>\t\t\t\t\t\t<\/span>\n\t\t\t\t\t\t\t\t\t\t<span class=\"elementor-icon-list-text\">P\u0101rdom\u0101ti izv\u0113l\u0113ts, p\u0101rstr\u0101d\u0101jams prim\u0101rais iepakojums<\/span>\n\t\t\t\t\t\t\t\t\t<\/li>\n\t\t\t\t\t\t\t\t<li class=\"elementor-icon-list-item\">\n\t\t\t\t\t\t\t\t\t\t\t<span class=\"elementor-icon-list-icon\">\n\t\t\t\t\t\t\t<svg xmlns=\"http:\/\/www.w3.org\/2000\/svg\" width=\"12\" height=\"10\" viewBox=\"0 0 12 10\" fill=\"none\"><path d=\"M0.5 4.75L4.5 8.75L11.5 1.25\" stroke=\"#3C383A\" stroke-miterlimit=\"10\"><\/path><\/svg>\t\t\t\t\t\t<\/span>\n\t\t\t\t\t\t\t\t\t\t<span class=\"elementor-icon-list-text\">Izstr\u0101d\u0113 - atk\u0101rtoti uzpild\u0101mi ietvari<\/span>\n\t\t\t\t\t\t\t\t\t<\/li>\n\t\t\t\t\t\t\t\t<li class=\"elementor-icon-list-item\">\n\t\t\t\t\t\t\t\t\t\t\t<span class=\"elementor-icon-list-icon\">\n\t\t\t\t\t\t\t<svg xmlns=\"http:\/\/www.w3.org\/2000\/svg\" width=\"12\" height=\"10\" viewBox=\"0 0 12 10\" fill=\"none\"><path d=\"M0.5 4.75L4.5 8.75L11.5 1.25\" stroke=\"#3C383A\" stroke-miterlimit=\"10\"><\/path><\/svg>\t\t\t\t\t\t<\/span>\n\t\t\t\t\t\t\t\t\t\t<span class=\"elementor-icon-list-text\">Viet\u0113j\u0101 ra\u017eo\u0161ana un izejvielu iepirk\u0161ana, kad vien iesp\u0113jams<\/span>\n\t\t\t\t\t\t\t\t\t<\/li>\n\t\t\t\t\t\t\t\t<li class=\"elementor-icon-list-item\">\n\t\t\t\t\t\t\t\t\t\t\t<span class=\"elementor-icon-list-icon\">\n\t\t\t\t\t\t\t<svg xmlns=\"http:\/\/www.w3.org\/2000\/svg\" width=\"12\" height=\"10\" viewBox=\"0 0 12 10\" fill=\"none\"><path d=\"M0.5 4.75L4.5 8.75L11.5 1.25\" stroke=\"#3C383A\" stroke-miterlimit=\"10\"><\/path><\/svg>\t\t\t\t\t\t<\/span>\n\t\t\t\t\t\t\t\t\t\t<span class=\"elementor-icon-list-text\">Nelielas ra\u017eo\u0161anas partijas, lai samazin\u0101tu p\u0101rprodukciju un atkritumus<\/span>\n\t\t\t\t\t\t\t\t\t<\/li>\n\t\t\t\t\t\t<\/ul>\n\t\t\t\t\t\t<\/div>\n\t\t\t\t<\/div>\n\t\t\t\t<\/div>\n\t\t\t\t<\/div>\n\t\t\t\t\t<\/div>\n\t\t\t\t<\/div>\n\t\t<div class=\"elementor-element elementor-element-0dd263d e-flex e-con-boxed e-con e-parent\" data-id=\"0dd263d\" data-element_type=\"container\" data-e-type=\"container\" data-settings=\"{&quot;background_background&quot;:&quot;classic&quot;}\">\n\t\t\t\t\t<div class=\"e-con-inner\">\n\t\t<div class=\"elementor-element elementor-element-4013be4 e-con-full e-flex e-con e-child\" data-id=\"4013be4\" data-element_type=\"container\" data-e-type=\"container\">\n\t\t<div class=\"elementor-element elementor-element-21ea8e0 e-con-full e-flex e-con e-child\" data-id=\"21ea8e0\" data-element_type=\"container\" data-e-type=\"container\">\n\t\t\t\t<div class=\"elementor-element elementor-element-52b2606 elementor-widget elementor-widget-heading\" data-id=\"52b2606\" data-element_type=\"widget\" data-e-type=\"widget\" data-widget_type=\"heading.default\">\n\t\t\t\t\t<p class=\"elementor-heading-title elementor-size-default\">Arta Pirkti\u0146a, Flowe Skin dibin\u0101t\u0101ja un vad\u012bt\u0101ja:<\/p>\t\t\t\t<\/div>\n\t\t\t\t<div class=\"elementor-element elementor-element-e467692 elementor-widget elementor-widget-heading\" data-id=\"e467692\" data-element_type=\"widget\" data-e-type=\"widget\" data-widget_type=\"heading.default\">\n\t\t\t\t\t<p class=\"elementor-heading-title elementor-size-default\">\"Daba mums r\u0101da, ka nekas netiek iz\u0161\u0137iests - viss atgrie\u017eas, p\u0101rtop un s\u0101kas no jauna. Tie\u0161i \u0161im ritmam m\u0113s sekojam.\"<\/p>\t\t\t\t<\/div>\n\t\t\t\t<div class=\"elementor-element elementor-element-e9c3284 elementor-align-center button-dark elementor-widget elementor-widget-button\" data-id=\"e9c3284\" data-element_type=\"widget\" data-e-type=\"widget\" data-widget_type=\"button.default\">\n\t\t\t\t\t\t\t\t\t\t<a class=\"elementor-button elementor-button-link elementor-size-sm\" href=\"https:\/\/floweskin.com\/lv\/par-mums\/\">\n\t\t\t\t\t\t<span class=\"elementor-button-content-wrapper\">\n\t\t\t\t\t\t\t\t\t<span class=\"elementor-button-text\">Iepaz\u012bsti z\u012bmola st\u0101stu<\/span>\n\t\t\t\t\t<\/span>\n\t\t\t\t\t<\/a>\n\t\t\t\t\t\t\t\t<\/div>\n\t\t\t\t<\/div>\n\t\t\t\t<\/div>\n\t\t\t\t\t<\/div>\n\t\t\t\t<\/div>\n\t\t<div class=\"elementor-element elementor-element-5f9e0eb e-flex e-con-boxed e-con e-parent\" data-id=\"5f9e0eb\" data-element_type=\"container\" data-e-type=\"container\" data-settings=\"{&quot;background_background&quot;:&quot;classic&quot;}\">\n\t\t\t\t\t<div class=\"e-con-inner\">\n\t\t<div class=\"elementor-element elementor-element-0bd6f37 e-con-full e-flex e-con e-child\" data-id=\"0bd6f37\" data-element_type=\"container\" data-e-type=\"container\">\n\t\t<div class=\"elementor-element elementor-element-3e8154d e-con-full e-flex e-con e-child\" data-id=\"3e8154d\" data-element_type=\"container\" data-e-type=\"container\">\n\t\t\t\t<div class=\"elementor-element elementor-element-74a060f elementor-widget elementor-widget-heading\" data-id=\"74a060f\" data-element_type=\"widget\" data-e-type=\"widget\" data-widget_type=\"heading.default\">\n\t\t\t\t\t<h2 class=\"elementor-heading-title elementor-size-default\">M\u0113s neesam perfekti, bet m\u0113s nest\u0101vam <i>uz vietas.<\/i><\/h2>\t\t\t\t<\/div>\n\t\t\t\t<div class=\"elementor-element elementor-element-21294ac elementor-hidden-desktop elementor-hidden-tablet elementor-widget elementor-widget-text-editor\" data-id=\"21294ac\" data-element_type=\"widget\" data-e-type=\"widget\" data-widget_type=\"text-editor.default\">\n\t\t\t\t\t\t\t\t\t<p>M\u0113s nep\u0101rtraukti p\u0113t\u0101m jaunus iepakojuma risin\u0101jumus, viet\u0113jo augu izmanto\u0161anu un sekojam l\u012bdzi savas pieg\u0101des ietekmei uz vidi.  <\/p>\t\t\t\t\t\t\t\t<\/div>\n\t\t\t\t<div class=\"elementor-element elementor-element-ce8fe7a elementor-hidden-mobile elementor-widget elementor-widget-text-editor\" data-id=\"ce8fe7a\" data-element_type=\"widget\" data-e-type=\"widget\" data-widget_type=\"text-editor.default\">\n\t\t\t\t\t\t\t\t\t<p>M\u0113s nep\u0101rtraukti p\u0113t\u0101m jaunus iepakojuma risin\u0101jumus, viet\u0113jo augu izmanto\u0161anu un sekojam l\u012bdzi savas pieg\u0101des ietekmei uz vidi.  <\/p>\t\t\t\t\t\t\t\t<\/div>\n\t\t\t\t<\/div>\n\t\t\t\t<\/div>\n\t\t\t\t\t<\/div>\n\t\t\t\t<\/div>\n\t\t\t\t<\/div>\n\t\t","protected":false},"excerpt":{"rendered":"<p>Dabas cikls un ilgsto\u0161as r\u016bpes M\u0113s ticam, ka r\u016bpes nebeidzas pie pirkuma izdar\u012b\u0161anas. To, ko daba mums dod, m\u0113s god\u0101jam \u2013 radot produktus un sist\u0113mas, kas atgrie\u017eas saudz\u012bgi, nevis iz\u0161\u0137\u0113rd\u012bgi. M\u0113s ticam, ka r\u016bpes nebeidzas pie pirkuma izdar\u012b\u0161anas. To, ko daba mums dod, m\u0113s god\u0101jam \u2013 radot produktus un sist\u0113mas, kas atgrie\u017eas saudz\u012bgi, nevis iz\u0161\u0137\u0113rd\u012bgi. [&hellip;]<\/p>\n","protected":false},"author":1,"featured_media":0,"parent":0,"menu_order":0,"comment_status":"closed","ping_status":"closed","template":"elementor_header_footer","meta":{"_acf_changed":false,"footnotes":""},"class_list":["post-591","page","type-page","status-publish","hentry"],"acf":[],"yoast_head":"<!-- This site is optimized with the Yoast SEO plugin v27.4 - https:\/\/yoast.com\/product\/yoast-seo-wordpress\/ -->\n<title>Ilgtsp\u0113ja - Floweskin<\/title>\n<meta name=\"robots\" content=\"index, follow, max-snippet:-1, max-image-preview:large, max-video-preview:-1\" \/>\n<link rel=\"canonical\" href=\"https:\/\/floweskin.com\/lv\/wp-json\/wp\/v2\/pages\/591\" \/>\n<meta property=\"og:locale\" content=\"lv_LV\" \/>\n<meta property=\"og:type\" content=\"article\" \/>\n<meta property=\"og:title\" content=\"Ilgtsp\u0113ja - Floweskin\" \/>\n<meta property=\"og:description\" content=\"Dabas cikls un ilgsto\u0161as r\u016bpes M\u0113s ticam, ka r\u016bpes nebeidzas pie pirkuma izdar\u012b\u0161anas. To, ko daba mums dod, m\u0113s god\u0101jam \u2013 radot produktus un sist\u0113mas, kas atgrie\u017eas saudz\u012bgi, nevis iz\u0161\u0137\u0113rd\u012bgi. M\u0113s ticam, ka r\u016bpes nebeidzas pie pirkuma izdar\u012b\u0161anas. To, ko daba mums dod, m\u0113s god\u0101jam \u2013 radot produktus un sist\u0113mas, kas atgrie\u017eas saudz\u012bgi, nevis iz\u0161\u0137\u0113rd\u012bgi. [&hellip;]\" \/>\n<meta property=\"og:url\" content=\"https:\/\/floweskin.com\/lv\/ilgtspeja\/\" \/>\n<meta property=\"og:site_name\" content=\"Floweskin\" \/>\n<meta property=\"article:modified_time\" content=\"2025-11-27T08:22:49+00:00\" \/>\n<meta property=\"og:image\" content=\"https:\/\/floweskin.com\/wp-content\/uploads\/2025\/11\/Uus-Projekt-38.png\" \/>\n\t<meta property=\"og:image:width\" content=\"1280\" \/>\n\t<meta property=\"og:image:height\" content=\"720\" \/>\n\t<meta property=\"og:image:type\" content=\"image\/png\" \/>\n<meta name=\"twitter:card\" content=\"summary_large_image\" \/>\n<meta name=\"twitter:label1\" content=\"Est. reading time\" \/>\n\t<meta name=\"twitter:data1\" content=\"2 min\u016btes\" \/>\n<script type=\"application\/ld+json\" class=\"yoast-schema-graph\">{\"@context\":\"https:\\\/\\\/schema.org\",\"@graph\":[{\"@type\":\"WebPage\",\"@id\":\"https:\\\/\\\/floweskin.com\\\/lv\\\/ilgtspeja\\\/\",\"url\":\"https:\\\/\\\/floweskin.com\\\/lv\\\/ilgtspeja\\\/\",\"name\":\"Ilgtsp\u0113ja - Floweskin\",\"isPartOf\":{\"@id\":\"https:\\\/\\\/floweskin.com\\\/lv\\\/#website\"},\"primaryImageOfPage\":{\"@id\":\"https:\\\/\\\/floweskin.com\\\/lv\\\/ilgtspeja\\\/#primaryimage\"},\"image\":{\"@id\":\"https:\\\/\\\/floweskin.com\\\/lv\\\/ilgtspeja\\\/#primaryimage\"},\"thumbnailUrl\":\"https:\\\/\\\/floweskin.com\\\/wp-content\\\/uploads\\\/2025\\\/09\\\/Layer_1-15.svg\",\"datePublished\":\"2025-09-23T06:18:59+00:00\",\"dateModified\":\"2025-11-27T08:22:49+00:00\",\"breadcrumb\":{\"@id\":\"https:\\\/\\\/floweskin.com\\\/lv\\\/ilgtspeja\\\/#breadcrumb\"},\"inLanguage\":\"lv-LV\",\"potentialAction\":[{\"@type\":\"ReadAction\",\"target\":[\"https:\\\/\\\/floweskin.com\\\/lv\\\/ilgtspeja\\\/\"]}]},{\"@type\":\"ImageObject\",\"inLanguage\":\"lv-LV\",\"@id\":\"https:\\\/\\\/floweskin.com\\\/lv\\\/ilgtspeja\\\/#primaryimage\",\"url\":\"https:\\\/\\\/floweskin.com\\\/wp-content\\\/uploads\\\/2025\\\/09\\\/Layer_1-15.svg\",\"contentUrl\":\"https:\\\/\\\/floweskin.com\\\/wp-content\\\/uploads\\\/2025\\\/09\\\/Layer_1-15.svg\"},{\"@type\":\"BreadcrumbList\",\"@id\":\"https:\\\/\\\/floweskin.com\\\/lv\\\/ilgtspeja\\\/#breadcrumb\",\"itemListElement\":[{\"@type\":\"ListItem\",\"position\":1,\"name\":\"Home\",\"item\":\"https:\\\/\\\/floweskin.com\\\/lv\\\/sakumlapa\\\/\"},{\"@type\":\"ListItem\",\"position\":2,\"name\":\"Ilgtsp\u0113ja\"}]},{\"@type\":\"WebSite\",\"@id\":\"https:\\\/\\\/floweskin.com\\\/lv\\\/#website\",\"url\":\"https:\\\/\\\/floweskin.com\\\/lv\\\/\",\"name\":\"Floweskin\",\"description\":\"\",\"publisher\":{\"@id\":\"https:\\\/\\\/floweskin.com\\\/lv\\\/#organization\"},\"potentialAction\":[{\"@type\":\"SearchAction\",\"target\":{\"@type\":\"EntryPoint\",\"urlTemplate\":\"https:\\\/\\\/floweskin.com\\\/lv\\\/?s={search_term_string}\"},\"query-input\":{\"@type\":\"PropertyValueSpecification\",\"valueRequired\":true,\"valueName\":\"search_term_string\"}}],\"inLanguage\":\"lv-LV\"},{\"@type\":\"Organization\",\"@id\":\"https:\\\/\\\/floweskin.com\\\/lv\\\/#organization\",\"name\":\"Floweskin\",\"url\":\"https:\\\/\\\/floweskin.com\\\/lv\\\/\",\"logo\":{\"@type\":\"ImageObject\",\"inLanguage\":\"lv-LV\",\"@id\":\"https:\\\/\\\/floweskin.com\\\/lv\\\/#\\\/schema\\\/logo\\\/image\\\/\",\"url\":\"https:\\\/\\\/floweskin.com\\\/wp-content\\\/uploads\\\/2025\\\/11\\\/Uus-Projekt-39.png\",\"contentUrl\":\"https:\\\/\\\/floweskin.com\\\/wp-content\\\/uploads\\\/2025\\\/11\\\/Uus-Projekt-39.png\",\"width\":400,\"height\":400,\"caption\":\"Floweskin\"},\"image\":{\"@id\":\"https:\\\/\\\/floweskin.com\\\/lv\\\/#\\\/schema\\\/logo\\\/image\\\/\"}}]}<\/script>\n<!-- \/ Yoast SEO plugin. -->","yoast_head_json":{"title":"Ilgtsp\u0113ja - Floweskin","robots":{"index":"index","follow":"follow","max-snippet":"max-snippet:-1","max-image-preview":"max-image-preview:large","max-video-preview":"max-video-preview:-1"},"canonical":"https:\/\/floweskin.com\/lv\/wp-json\/wp\/v2\/pages\/591","og_locale":"lv_LV","og_type":"article","og_title":"Ilgtsp\u0113ja - Floweskin","og_description":"Dabas cikls un ilgsto\u0161as r\u016bpes M\u0113s ticam, ka r\u016bpes nebeidzas pie pirkuma izdar\u012b\u0161anas. To, ko daba mums dod, m\u0113s god\u0101jam \u2013 radot produktus un sist\u0113mas, kas atgrie\u017eas saudz\u012bgi, nevis iz\u0161\u0137\u0113rd\u012bgi. M\u0113s ticam, ka r\u016bpes nebeidzas pie pirkuma izdar\u012b\u0161anas. To, ko daba mums dod, m\u0113s god\u0101jam \u2013 radot produktus un sist\u0113mas, kas atgrie\u017eas saudz\u012bgi, nevis iz\u0161\u0137\u0113rd\u012bgi. [&hellip;]","og_url":"https:\/\/floweskin.com\/lv\/ilgtspeja\/","og_site_name":"Floweskin","article_modified_time":"2025-11-27T08:22:49+00:00","og_image":[{"width":1280,"height":720,"url":"https:\/\/floweskin.com\/wp-content\/uploads\/2025\/11\/Uus-Projekt-38.png","type":"image\/png"}],"twitter_card":"summary_large_image","twitter_misc":{"Est. reading time":"2 min\u016btes"},"schema":{"@context":"https:\/\/schema.org","@graph":[{"@type":"WebPage","@id":"https:\/\/floweskin.com\/lv\/ilgtspeja\/","url":"https:\/\/floweskin.com\/lv\/ilgtspeja\/","name":"Ilgtsp\u0113ja - Floweskin","isPartOf":{"@id":"https:\/\/floweskin.com\/lv\/#website"},"primaryImageOfPage":{"@id":"https:\/\/floweskin.com\/lv\/ilgtspeja\/#primaryimage"},"image":{"@id":"https:\/\/floweskin.com\/lv\/ilgtspeja\/#primaryimage"},"thumbnailUrl":"https:\/\/floweskin.com\/wp-content\/uploads\/2025\/09\/Layer_1-15.svg","datePublished":"2025-09-23T06:18:59+00:00","dateModified":"2025-11-27T08:22:49+00:00","breadcrumb":{"@id":"https:\/\/floweskin.com\/lv\/ilgtspeja\/#breadcrumb"},"inLanguage":"lv-LV","potentialAction":[{"@type":"ReadAction","target":["https:\/\/floweskin.com\/lv\/ilgtspeja\/"]}]},{"@type":"ImageObject","inLanguage":"lv-LV","@id":"https:\/\/floweskin.com\/lv\/ilgtspeja\/#primaryimage","url":"https:\/\/floweskin.com\/wp-content\/uploads\/2025\/09\/Layer_1-15.svg","contentUrl":"https:\/\/floweskin.com\/wp-content\/uploads\/2025\/09\/Layer_1-15.svg"},{"@type":"BreadcrumbList","@id":"https:\/\/floweskin.com\/lv\/ilgtspeja\/#breadcrumb","itemListElement":[{"@type":"ListItem","position":1,"name":"Home","item":"https:\/\/floweskin.com\/lv\/sakumlapa\/"},{"@type":"ListItem","position":2,"name":"Ilgtsp\u0113ja"}]},{"@type":"WebSite","@id":"https:\/\/floweskin.com\/lv\/#website","url":"https:\/\/floweskin.com\/lv\/","name":"Floweskin","description":"","publisher":{"@id":"https:\/\/floweskin.com\/lv\/#organization"},"potentialAction":[{"@type":"SearchAction","target":{"@type":"EntryPoint","urlTemplate":"https:\/\/floweskin.com\/lv\/?s={search_term_string}"},"query-input":{"@type":"PropertyValueSpecification","valueRequired":true,"valueName":"search_term_string"}}],"inLanguage":"lv-LV"},{"@type":"Organization","@id":"https:\/\/floweskin.com\/lv\/#organization","name":"Floweskin","url":"https:\/\/floweskin.com\/lv\/","logo":{"@type":"ImageObject","inLanguage":"lv-LV","@id":"https:\/\/floweskin.com\/lv\/#\/schema\/logo\/image\/","url":"https:\/\/floweskin.com\/wp-content\/uploads\/2025\/11\/Uus-Projekt-39.png","contentUrl":"https:\/\/floweskin.com\/wp-content\/uploads\/2025\/11\/Uus-Projekt-39.png","width":400,"height":400,"caption":"Floweskin"},"image":{"@id":"https:\/\/floweskin.com\/lv\/#\/schema\/logo\/image\/"}}]}},"_links":{"self":[{"href":"https:\/\/floweskin.com\/lv\/wp-json\/wp\/v2\/pages\/591","targetHints":{"allow":["GET"]}}],"collection":[{"href":"https:\/\/floweskin.com\/lv\/wp-json\/wp\/v2\/pages"}],"about":[{"href":"https:\/\/floweskin.com\/lv\/wp-json\/wp\/v2\/types\/page"}],"author":[{"embeddable":true,"href":"https:\/\/floweskin.com\/lv\/wp-json\/wp\/v2\/users\/1"}],"replies":[{"embeddable":true,"href":"https:\/\/floweskin.com\/lv\/wp-json\/wp\/v2\/comments?post=591"}],"version-history":[{"count":4,"href":"https:\/\/floweskin.com\/lv\/wp-json\/wp\/v2\/pages\/591\/revisions"}],"predecessor-version":[{"id":1214,"href":"https:\/\/floweskin.com\/lv\/wp-json\/wp\/v2\/pages\/591\/revisions\/1214"}],"wp:attachment":[{"href":"https:\/\/floweskin.com\/lv\/wp-json\/wp\/v2\/media?parent=591"}],"curies":[{"name":"wp","href":"https:\/\/api.w.org\/{rel}","templated":true}]}}